{"id":14,"date":"2020-01-24T14:00:44","date_gmt":"2020-01-24T14:00:44","guid":{"rendered":"http:\/\/ireturn.se\/?page_id=14"},"modified":"2020-06-22T12:57:02","modified_gmt":"2020-06-22T12:57:02","slug":"integritetspolicy","status":"publish","type":"page","link":"https:\/\/ireturn.se\/en\/integritetspolicy\/","title":{"rendered":"Privacy Policy"},"content":{"rendered":"<div data-elementor-type=\"wp-page\" data-elementor-id=\"14\" class=\"elementor elementor-14\" data-elementor-post-type=\"page\">\n\t\t\t\t\t\t<section class=\"elementor-section elementor-top-section elementor-element elementor-element-5b9d4e66 elementor-section-height-min-height elementor-section-boxed elementor-section-height-default elementor-section-items-middle\" data-id=\"5b9d4e66\" data-element_type=\"section\">\n\t\t\t\t\t\t<div class=\"elementor-container elementor-column-gap-default\">\n\t\t\t\t\t<div class=\"elementor-column elementor-col-100 elementor-top-column elementor-element elementor-element-1545c858\" data-id=\"1545c858\" data-element_type=\"column\">\n\t\t\t<div class=\"elementor-widget-wrap elementor-element-populated\">\n\t\t\t\t\t\t<div class=\"elementor-element elementor-element-66953b91 elementor-widget elementor-widget-heading\" data-id=\"66953b91\" data-element_type=\"widget\" data-widget_type=\"heading.default\">\n\t\t\t\t<div class=\"elementor-widget-container\">\n\t\t\t\t\t<h2 class=\"elementor-heading-title elementor-size-default\">We value your privacy<\/h2>\t\t\t\t<\/div>\n\t\t\t\t<\/div>\n\t\t\t\t<div class=\"elementor-element elementor-element-11d5412c elementor-invisible elementor-widget elementor-widget-heading\" data-id=\"11d5412c\" data-element_type=\"widget\" data-settings=\"{&quot;_animation&quot;:&quot;fadeInDown&quot;}\" data-widget_type=\"heading.default\">\n\t\t\t\t<div class=\"elementor-widget-container\">\n\t\t\t\t\t<h2 class=\"elementor-heading-title elementor-size-default\">Privacy Policy<\/h2>\t\t\t\t<\/div>\n\t\t\t\t<\/div>\n\t\t\t\t\t<\/div>\n\t\t<\/div>\n\t\t\t\t\t<\/div>\n\t\t<\/section>\n\t\t\t\t<section class=\"elementor-section elementor-top-section elementor-element elementor-element-71f41ea1 elementor-section-boxed elementor-section-height-default elementor-section-height-default\" data-id=\"71f41ea1\" data-element_type=\"section\">\n\t\t\t\t\t\t<div class=\"elementor-container elementor-column-gap-default\">\n\t\t\t\t\t<div class=\"elementor-column elementor-col-100 elementor-top-column elementor-element elementor-element-380e30c4\" data-id=\"380e30c4\" data-element_type=\"column\">\n\t\t\t<div class=\"elementor-widget-wrap elementor-element-populated\">\n\t\t\t\t\t\t<div class=\"elementor-element elementor-element-7ff3dcde elementor-widget elementor-widget-text-editor\" data-id=\"7ff3dcde\" data-element_type=\"widget\" data-widget_type=\"text-editor.default\">\n\t\t\t\t<div class=\"elementor-widget-container\">\n\t\t\t\t\t\t\t\t\t<p><span style=\"font-size: 16px;\"><strong>Who are we<\/strong><br \/><\/span><span style=\"font-size: 16px;\">The website www.ireturn.se is a community hub for resources in widespread and exhaustion and a place to book a place at group meetings. Wilma Eriksson and Mats Wernheim are responsible for handling personal data. If you have any questions about your personal information, please contact hej@ireturn.se<\/span><\/p><p><b>When and why we collect your information<\/b><br \/>We collect personal information when you contact us by e-mail, telephone, via the form on the website or when you sign up for our newsletter. We store your personal information to carry out sales, marketing or customer service to you.<\/p><p>Information you enter in our contact form on the site is used to answer and manage your request. Information you enter when subscribing to our newsletter is used to send newsletters to you. The data is stored for up to 3 years or as long as there is a business relationship.<\/p><p>When you use our website, information is also stored via cookies. Read more about our cookie policy below.<\/p><p><b>You are entitled to your information<\/b><br \/>You may withdraw your consent at any time to save your personal information. You can also request a copy of the information we have saved, make changes to it or delete it. Please contact hej@ireturn.se for help with this. After deleting your information, we do not have the right to send you marketing.<\/p><p>However, you cannot request that we delete any information that we have to save for administrative, legal or security reasons.<\/p><p><b>We protect your personal information<br \/><\/b>We implement a variety of security measures to maintain the security of your personal information. The website uses SSL, among other things. All information is transmitted encrypted (SSL) and can only be made available to those persons who have been granted special rights to access these systems. These individuals are required to keep the information confidential. No sensitive information is stored on our servers.<\/p><p><b>If your information is shared with others<\/b><br \/>We do not sell, exchange or otherwise transfer your personal information to any third parties. This does not include trusted third parties who help us operate our website, conduct our business or provide service to you. We work with the web agency <a href=\"https:\/\/www.naturligtkreativ.se\/\">Naturligt Kreativ<\/a> which in some cases can access the information you submit via our website. They are required to keep the information confidential.<\/p><p>We use Google Analytics to customize ads and offers based on your internet usage. We analyze information, including personal information, about your purchases and your activity on the website and on social networks. We and Google may use your personal information to evaluate your use of our site and for services related to website activities and internet use.<\/p><p>To manage your subscription to our newsletter, we use a service called MailChimp. MailChimp complies with the new Data Protection Regulation (GDPR). When you enter your email address to start subscribing to our newsletter, your email is also saved at MailChimp. Here you can read more about how MailChimp handles personal information.<\/p><p>To manage your order in our webshop we use a service called WooCommerce. Woocommerce also follows the new Data Protection Regulation (GDPR). The information you provide in connection with your purchase in our webshop may also be saved by our service provider. Here you can read more about how WooCommerce handles personal information.<\/p><p><b>Third Party<\/b><br \/>Sometimes we may include or offer products or services from another supplier on our website. These suppliers have their own and completely independent privacy policies. We have no responsibility for the content and activities of these sites. However, we always try to maintain the integrity of our site and welcome comments on these sites.<\/p><p><b>Changes to this policy<\/b><br \/>IRETURN reserves the right to change this Privacy Policy at any time. The privacy policy presented on this page is the one that applies. Major changes will be notified to you via email before the change occurs.<\/p><h2>Cookie Policy<\/h2><p>We use cookies at www.ireturn.se. As a visitor, you are required by law to receive information that the website contains cookies. You also need to get information about what they are used for and how to opt them out.<\/p><p><b>What is a cookie?<\/b><br \/>A cookie is a text file that stores information about your visit to the site. A cookie is saved in your browser or the corresponding program. For example, a cookie may contain login information, what you had in your customer basket when you closed the box or settings on the website. Most websites use cookies because they are often used in basic functions, but you can of course choose if you want to block and remove cookies.<\/p><p><b>Different types of cookies<\/b><br \/>There are two different types of cookies: temporary and permanent. Temporary cookies (also called session cookies) disappear when you close your browser. It contains only temporary information that is not stored anywhere.<\/p><p>Permanent cookies are saved as a text file on your computer and used to store information when you visit different websites. These cookies should facilitate your use by, for example, remembering your login details or making your visit more exciting by displaying advertisements tailored to your searches.<\/p><p><b>Can cookies contain viruses?<\/b><br \/>No, cookies do not contain viruses. The most common browsers today only allow a certain amount of saved cookies, which means that you also do not run out of memory in the hard drive.<\/p><p><b>How do I say no to cookies?<\/b><br \/>You can turn off cookie storage in your browser settings. In some browsers you may choose to block permanent cookies but still allow temporary cookies. However, without the storage of cookies, you will not be able to use certain features and services on websites. In the help function of your browser you will find information on how to change the settings for cookies. In your browser settings, you can also delete cookies from your hard drive.<\/p><p><b>We use Google Analytics<\/b><br \/>We use a service called Google Analytics. It is an analysis tool for web statistics and gives us a picture of how our visitors use our website. We do not get information about you, who you are or where you are. We only receive information about your visit to our website, including which pages you have visited and how long you have stayed. All information from saved cookies is passed on and stored by Google. Google Analytics shows us:<\/p><ul><li>When you last visited the site<\/li><li>When you first visited the site<\/li><li>When your current visit started and how long you stay<\/li><li>How many times you have visited the site<\/li><li>Which browser you use<\/li><li>How to find the site<\/li><\/ul>\t\t\t\t\t\t\t\t<\/div>\n\t\t\t\t<\/div>\n\t\t\t\t\t<\/div>\n\t\t<\/div>\n\t\t\t\t\t<\/div>\n\t\t<\/section>\n\t\t\t\t<section class=\"elementor-section elementor-top-section elementor-element elementor-element-192812e1 elementor-section-boxed elementor-section-height-default elementor-section-height-default\" data-id=\"192812e1\" data-element_type=\"section\">\n\t\t\t\t\t\t<div class=\"elementor-container elementor-column-gap-default\">\n\t\t\t\t\t<div class=\"elementor-column elementor-col-100 elementor-top-column elementor-element elementor-element-6fb99234\" data-id=\"6fb99234\" data-element_type=\"column\">\n\t\t\t<div class=\"elementor-widget-wrap elementor-element-populated\">\n\t\t\t\t\t\t<div class=\"elementor-element elementor-element-5f06d1b3 elementor-widget elementor-widget-spacer\" data-id=\"5f06d1b3\" data-element_type=\"widget\" data-widget_type=\"spacer.default\">\n\t\t\t\t<div class=\"elementor-widget-container\">\n\t\t\t\t\t\t\t<div class=\"elementor-spacer\">\n\t\t\t<div class=\"elementor-spacer-inner\"><\/div>\n\t\t<\/div>\n\t\t\t\t\t\t<\/div>\n\t\t\t\t<\/div>\n\t\t\t\t\t<\/div>\n\t\t<\/div>\n\t\t\t\t\t<\/div>\n\t\t<\/section>\n\t\t\t\t<\/div>","protected":false},"excerpt":{"rendered":"<p>We value your privacy Integritetspolicy Vilka vi \u00e4rWebbplatsen www.ireturn.se \u00e4r en samligshub f\u00f6r resurser inom utbr\u00e4dhet och utmattning samt en plats att kunna boka plats p\u00e5 gruppm\u00f6ten. Wilma Eriksson och Mats Wernheim \u00e4r ansvariga f\u00f6r hantering av personuppgifter. Vid fr\u00e5gor om dina personuppgifter, v\u00e4nligen kontakta hej@ireturn. N\u00e4r och varf\u00f6r vi samlar dina uppgifterVi samlar in [&hellip;]<\/p>\n","protected":false},"author":7,"featured_media":0,"parent":0,"menu_order":0,"comment_status":"closed","ping_status":"closed","template":"","meta":{"_acf_changed":false,"_exactmetrics_skip_tracking":false,"_exactmetrics_sitenote_active":false,"_exactmetrics_sitenote_note":"","_exactmetrics_sitenote_category":0,"site-sidebar-layout":"no-sidebar","site-content-layout":"page-builder","ast-site-content-layout":"default","site-content-style":"default","site-sidebar-style":"default","ast-global-header-display":"","ast-banner-title-visibility":"","ast-main-header-display":"","ast-hfb-above-header-display":"","ast-hfb-below-header-display":"","ast-hfb-mobile-header-display":"","site-post-title":"disabled","ast-breadcrumbs-content":"","ast-featured-img":"disabled","footer-sml-layout":"","ast-disable-related-posts":"","theme-transparent-header-meta":"default","adv-header-id-meta":"","stick-header-meta":"default","header-above-stick-meta":"","header-main-stick-meta":"","header-below-stick-meta":"","astra-migrate-meta-layouts":"default","ast-page-background-enabled":"default","ast-page-background-meta":{"desktop":{"background-color":"","background-image":"","background-repeat":"repeat","background-position":"center center","background-size":"auto","background-attachment":"scroll","background-type":"","background-media":"","overlay-type":"","overlay-color":"","overlay-opacity":"","overlay-gradient":""},"tablet":{"background-color":"","background-image":"","background-repeat":"repeat","background-position":"center center","background-size":"auto","background-attachment":"scroll","background-type":"","background-media":"","overlay-type":"","overlay-color":"","overlay-opacity":"","overlay-gradient":""},"mobile":{"background-color":"","background-image":"","background-repeat":"repeat","background-position":"center center","background-size":"auto","background-attachment":"scroll","background-type":"","background-media":"","overlay-type":"","overlay-color":"","overlay-opacity":"","overlay-gradient":""}},"ast-content-background-meta":{"desktop":{"background-color":"var(--ast-global-color-5)","background-image":"","background-repeat":"repeat","background-position":"center center","background-size":"auto","background-attachment":"scroll","background-type":"","background-media":"","overlay-type":"","overlay-color":"","overlay-opacity":"","overlay-gradient":""},"tablet":{"background-color":"var(--ast-global-color-5)","background-image":"","background-repeat":"repeat","background-position":"center center","background-size":"auto","background-attachment":"scroll","background-type":"","background-media":"","overlay-type":"","overlay-color":"","overlay-opacity":"","overlay-gradient":""},"mobile":{"background-color":"var(--ast-global-color-5)","background-image":"","background-repeat":"repeat","background-position":"center center","background-size":"auto","background-attachment":"scroll","background-type":"","background-media":"","overlay-type":"","overlay-color":"","overlay-opacity":"","overlay-gradient":""}},"footnotes":""},"class_list":["post-14","page","type-page","status-publish","hentry"],"acf":[],"yoast_head":"<!-- This site is optimized with the Yoast SEO plugin v27.3 - https:\/\/yoast.com\/product\/yoast-seo-wordpress\/ -->\n<title>Integritetspolicy - IRETURN<\/title>\n<meta name=\"robots\" content=\"index, follow, max-snippet:-1, max-image-preview:large, max-video-preview:-1\" \/>\n<link rel=\"canonical\" href=\"https:\/\/ireturn.se\/en\/integritetspolicy\/\" \/>\n<meta property=\"og:locale\" content=\"en_GB\" \/>\n<meta property=\"og:type\" content=\"article\" \/>\n<meta property=\"og:title\" content=\"Integritetspolicy - IRETURN\" \/>\n<meta property=\"og:description\" content=\"We value your privacy Integritetspolicy Vilka vi \u00e4rWebbplatsen www.ireturn.se \u00e4r en samligshub f\u00f6r resurser inom utbr\u00e4dhet och utmattning samt en plats att kunna boka plats p\u00e5 gruppm\u00f6ten. Wilma Eriksson och Mats Wernheim \u00e4r ansvariga f\u00f6r hantering av personuppgifter. Vid fr\u00e5gor om dina personuppgifter, v\u00e4nligen kontakta hej@ireturn. N\u00e4r och varf\u00f6r vi samlar dina uppgifterVi samlar in [&hellip;]\" \/>\n<meta property=\"og:url\" content=\"https:\/\/ireturn.se\/en\/integritetspolicy\/\" \/>\n<meta property=\"og:site_name\" content=\"IRETURN\" \/>\n<meta property=\"article:modified_time\" content=\"2020-06-22T12:57:02+00:00\" \/>\n<meta name=\"twitter:card\" content=\"summary_large_image\" \/>\n<meta name=\"twitter:label1\" content=\"Estimated reading time\" \/>\n\t<meta name=\"twitter:data1\" content=\"6 minutes\" \/>\n<script type=\"application\/ld+json\" class=\"yoast-schema-graph\">{\"@context\":\"https:\\\/\\\/schema.org\",\"@graph\":[{\"@type\":\"WebPage\",\"@id\":\"https:\\\/\\\/ireturn.se\\\/integritetspolicy\\\/\",\"url\":\"https:\\\/\\\/ireturn.se\\\/integritetspolicy\\\/\",\"name\":\"Integritetspolicy - IRETURN\",\"isPartOf\":{\"@id\":\"https:\\\/\\\/ireturn.se\\\/#website\"},\"datePublished\":\"2020-01-24T14:00:44+00:00\",\"dateModified\":\"2020-06-22T12:57:02+00:00\",\"breadcrumb\":{\"@id\":\"https:\\\/\\\/ireturn.se\\\/integritetspolicy\\\/#breadcrumb\"},\"inLanguage\":\"en-GB\",\"potentialAction\":[{\"@type\":\"ReadAction\",\"target\":[\"https:\\\/\\\/ireturn.se\\\/integritetspolicy\\\/\"]}]},{\"@type\":\"BreadcrumbList\",\"@id\":\"https:\\\/\\\/ireturn.se\\\/integritetspolicy\\\/#breadcrumb\",\"itemListElement\":[{\"@type\":\"ListItem\",\"position\":1,\"name\":\"Hem\",\"item\":\"https:\\\/\\\/ireturn.se\\\/\"},{\"@type\":\"ListItem\",\"position\":2,\"name\":\"Integritetspolicy\"}]},{\"@type\":\"WebSite\",\"@id\":\"https:\\\/\\\/ireturn.se\\\/#website\",\"url\":\"https:\\\/\\\/ireturn.se\\\/\",\"name\":\"IRETURN\",\"description\":\"With passion for mental wellness\",\"potentialAction\":[{\"@type\":\"SearchAction\",\"target\":{\"@type\":\"EntryPoint\",\"urlTemplate\":\"https:\\\/\\\/ireturn.se\\\/?s={search_term_string}\"},\"query-input\":{\"@type\":\"PropertyValueSpecification\",\"valueRequired\":true,\"valueName\":\"search_term_string\"}}],\"inLanguage\":\"en-GB\"}]}<\/script>\n<!-- \/ Yoast SEO plugin. -->","yoast_head_json":{"title":"Integritetspolicy - IRETURN","robots":{"index":"index","follow":"follow","max-snippet":"max-snippet:-1","max-image-preview":"max-image-preview:large","max-video-preview":"max-video-preview:-1"},"canonical":"https:\/\/ireturn.se\/en\/integritetspolicy\/","og_locale":"en_GB","og_type":"article","og_title":"Integritetspolicy - IRETURN","og_description":"We value your privacy Integritetspolicy Vilka vi \u00e4rWebbplatsen www.ireturn.se \u00e4r en samligshub f\u00f6r resurser inom utbr\u00e4dhet och utmattning samt en plats att kunna boka plats p\u00e5 gruppm\u00f6ten. Wilma Eriksson och Mats Wernheim \u00e4r ansvariga f\u00f6r hantering av personuppgifter. Vid fr\u00e5gor om dina personuppgifter, v\u00e4nligen kontakta hej@ireturn. N\u00e4r och varf\u00f6r vi samlar dina uppgifterVi samlar in [&hellip;]","og_url":"https:\/\/ireturn.se\/en\/integritetspolicy\/","og_site_name":"IRETURN","article_modified_time":"2020-06-22T12:57:02+00:00","twitter_card":"summary_large_image","twitter_misc":{"Estimated reading time":"6 minutes"},"schema":{"@context":"https:\/\/schema.org","@graph":[{"@type":"WebPage","@id":"https:\/\/ireturn.se\/integritetspolicy\/","url":"https:\/\/ireturn.se\/integritetspolicy\/","name":"Integritetspolicy - IRETURN","isPartOf":{"@id":"https:\/\/ireturn.se\/#website"},"datePublished":"2020-01-24T14:00:44+00:00","dateModified":"2020-06-22T12:57:02+00:00","breadcrumb":{"@id":"https:\/\/ireturn.se\/integritetspolicy\/#breadcrumb"},"inLanguage":"en-GB","potentialAction":[{"@type":"ReadAction","target":["https:\/\/ireturn.se\/integritetspolicy\/"]}]},{"@type":"BreadcrumbList","@id":"https:\/\/ireturn.se\/integritetspolicy\/#breadcrumb","itemListElement":[{"@type":"ListItem","position":1,"name":"Hem","item":"https:\/\/ireturn.se\/"},{"@type":"ListItem","position":2,"name":"Integritetspolicy"}]},{"@type":"WebSite","@id":"https:\/\/ireturn.se\/#website","url":"https:\/\/ireturn.se\/","name":"IRETURN","description":"With passion for mental wellness","potentialAction":[{"@type":"SearchAction","target":{"@type":"EntryPoint","urlTemplate":"https:\/\/ireturn.se\/?s={search_term_string}"},"query-input":{"@type":"PropertyValueSpecification","valueRequired":true,"valueName":"search_term_string"}}],"inLanguage":"en-GB"}]}},"_links":{"self":[{"href":"https:\/\/ireturn.se\/en\/wp-json\/wp\/v2\/pages\/14","targetHints":{"allow":["GET"]}}],"collection":[{"href":"https:\/\/ireturn.se\/en\/wp-json\/wp\/v2\/pages"}],"about":[{"href":"https:\/\/ireturn.se\/en\/wp-json\/wp\/v2\/types\/page"}],"author":[{"embeddable":true,"href":"https:\/\/ireturn.se\/en\/wp-json\/wp\/v2\/users\/7"}],"replies":[{"embeddable":true,"href":"https:\/\/ireturn.se\/en\/wp-json\/wp\/v2\/comments?post=14"}],"version-history":[{"count":0,"href":"https:\/\/ireturn.se\/en\/wp-json\/wp\/v2\/pages\/14\/revisions"}],"wp:attachment":[{"href":"https:\/\/ireturn.se\/en\/wp-json\/wp\/v2\/media?parent=14"}],"curies":[{"name":"wp","href":"https:\/\/api.w.org\/{rel}","templated":true}]}}