{"id":642,"date":"2020-05-19T09:41:39","date_gmt":"2020-05-19T09:41:39","guid":{"rendered":"http:\/\/ireturn.se\/?page_id=642"},"modified":"2020-06-10T15:53:30","modified_gmt":"2020-06-10T15:53:30","slug":"halsoboost","status":"publish","type":"page","link":"https:\/\/ireturn.se\/en\/are-u-insane\/halsoboost\/","title":{"rendered":"Health Boost"},"content":{"rendered":"<div data-elementor-type=\"wp-page\" data-elementor-id=\"642\" class=\"elementor elementor-642\" data-elementor-post-type=\"page\">\n\t\t\t\t\t\t<section class=\"elementor-section elementor-top-section elementor-element elementor-element-4e4b797 elementor-section-height-min-height elementor-section-boxed elementor-section-height-default elementor-section-items-middle\" data-id=\"4e4b797\" data-element_type=\"section\">\n\t\t\t\t\t\t<div class=\"elementor-container elementor-column-gap-default\">\n\t\t\t\t\t<div class=\"elementor-column elementor-col-100 elementor-top-column elementor-element elementor-element-50f73d57\" data-id=\"50f73d57\" data-element_type=\"column\">\n\t\t\t<div class=\"elementor-widget-wrap elementor-element-populated\">\n\t\t\t\t\t\t<div class=\"elementor-element elementor-element-7f6868d0 elementor-widget elementor-widget-heading\" data-id=\"7f6868d0\" data-element_type=\"widget\" data-widget_type=\"heading.default\">\n\t\t\t\t<div class=\"elementor-widget-container\">\n\t\t\t\t\t<h2 class=\"elementor-heading-title elementor-size-default\">For the body and the mind<\/h2>\t\t\t\t<\/div>\n\t\t\t\t<\/div>\n\t\t\t\t<div class=\"elementor-element elementor-element-10da6ef elementor-invisible elementor-widget elementor-widget-heading\" data-id=\"10da6ef\" data-element_type=\"widget\" data-settings=\"{&quot;_animation&quot;:&quot;fadeInDown&quot;}\" data-widget_type=\"heading.default\">\n\t\t\t\t<div class=\"elementor-widget-container\">\n\t\t\t\t\t<h2 class=\"elementor-heading-title elementor-size-default\">Health Boost<\/h2>\t\t\t\t<\/div>\n\t\t\t\t<\/div>\n\t\t\t\t<div class=\"elementor-element elementor-element-17cd7162 elementor-widget elementor-widget-text-editor\" data-id=\"17cd7162\" data-element_type=\"widget\" data-widget_type=\"text-editor.default\">\n\t\t\t\t<div class=\"elementor-widget-container\">\n\t\t\t\t\t\t\t\t\t<p>Sometimes, the smallest things can help, like taking a walk in nature. Here are links to alternative health boosting experiences.\u00a0<\/p>\t\t\t\t\t\t\t\t<\/div>\n\t\t\t\t<\/div>\n\t\t\t\t\t<\/div>\n\t\t<\/div>\n\t\t\t\t\t<\/div>\n\t\t<\/section>\n\t\t\t\t<section class=\"elementor-section elementor-top-section elementor-element elementor-element-5daa59b7 elementor-section-boxed elementor-section-height-default elementor-section-height-default\" data-id=\"5daa59b7\" data-element_type=\"section\">\n\t\t\t\t\t\t<div class=\"elementor-container elementor-column-gap-default\">\n\t\t\t\t\t<div class=\"elementor-column elementor-col-50 elementor-top-column elementor-element elementor-element-25a26654\" data-id=\"25a26654\" data-element_type=\"column\">\n\t\t\t<div class=\"elementor-widget-wrap elementor-element-populated\">\n\t\t\t\t\t\t<section class=\"elementor-section elementor-inner-section elementor-element elementor-element-7554f438 elementor-section-boxed elementor-section-height-default elementor-section-height-default\" data-id=\"7554f438\" data-element_type=\"section\">\n\t\t\t\t\t\t<div class=\"elementor-container elementor-column-gap-default\">\n\t\t\t\t\t<div class=\"elementor-column elementor-col-50 elementor-inner-column elementor-element elementor-element-733cdff6\" data-id=\"733cdff6\" data-element_type=\"column\" data-settings=\"{&quot;background_background&quot;:&quot;classic&quot;}\">\n\t\t\t<div class=\"elementor-widget-wrap elementor-element-populated\">\n\t\t\t\t\t\t<div class=\"elementor-element elementor-element-938d42e elementor-widget elementor-widget-spacer\" data-id=\"938d42e\" data-element_type=\"widget\" data-widget_type=\"spacer.default\">\n\t\t\t\t<div class=\"elementor-widget-container\">\n\t\t\t\t\t\t\t<div class=\"elementor-spacer\">\n\t\t\t<div class=\"elementor-spacer-inner\"><\/div>\n\t\t<\/div>\n\t\t\t\t\t\t<\/div>\n\t\t\t\t<\/div>\n\t\t\t\t\t<\/div>\n\t\t<\/div>\n\t\t\t\t<div class=\"elementor-column elementor-col-50 elementor-inner-column elementor-element elementor-element-2e9dcfcf\" data-id=\"2e9dcfcf\" data-element_type=\"column\">\n\t\t\t<div class=\"elementor-widget-wrap elementor-element-populated\">\n\t\t\t\t\t\t<div class=\"elementor-element elementor-element-41d7ba7e elementor-widget elementor-widget-image\" data-id=\"41d7ba7e\" data-element_type=\"widget\" data-widget_type=\"image.default\">\n\t\t\t\t<div class=\"elementor-widget-container\">\n\t\t\t\t\t\t\t\t\t\t\t\t\t\t\t<img fetchpriority=\"high\" decoding=\"async\" width=\"819\" height=\"1024\" src=\"https:\/\/ireturn.se\/wp-content\/uploads\/2020\/05\/erik-brolin-wmZNEGkcsmw-unsplash-819x1024.jpg\" class=\"attachment-large size-large wp-image-550\" alt=\"\" srcset=\"https:\/\/ireturn.se\/wp-content\/uploads\/2020\/05\/erik-brolin-wmZNEGkcsmw-unsplash-819x1024.jpg 819w, https:\/\/ireturn.se\/wp-content\/uploads\/2020\/05\/erik-brolin-wmZNEGkcsmw-unsplash-240x300.jpg 240w, https:\/\/ireturn.se\/wp-content\/uploads\/2020\/05\/erik-brolin-wmZNEGkcsmw-unsplash-768x960.jpg 768w, https:\/\/ireturn.se\/wp-content\/uploads\/2020\/05\/erik-brolin-wmZNEGkcsmw-unsplash-1229x1536.jpg 1229w, https:\/\/ireturn.se\/wp-content\/uploads\/2020\/05\/erik-brolin-wmZNEGkcsmw-unsplash-1638x2048.jpg 1638w, https:\/\/ireturn.se\/wp-content\/uploads\/2020\/05\/erik-brolin-wmZNEGkcsmw-unsplash-scaled.jpg 2048w\" sizes=\"(max-width: 819px) 100vw, 819px\" \/>\t\t\t\t\t\t\t\t\t\t\t\t\t\t\t<\/div>\n\t\t\t\t<\/div>\n\t\t\t\t\t<\/div>\n\t\t<\/div>\n\t\t\t\t\t<\/div>\n\t\t<\/section>\n\t\t\t\t\t<\/div>\n\t\t<\/div>\n\t\t\t\t<div class=\"elementor-column elementor-col-50 elementor-top-column elementor-element elementor-element-152dc92a\" data-id=\"152dc92a\" data-element_type=\"column\">\n\t\t\t<div class=\"elementor-widget-wrap elementor-element-populated\">\n\t\t\t\t\t\t<div class=\"elementor-element elementor-element-7f3d34bc elementor-icon-list--layout-traditional elementor-list-item-link-full_width elementor-widget elementor-widget-icon-list\" data-id=\"7f3d34bc\" data-element_type=\"widget\" data-widget_type=\"icon-list.default\">\n\t\t\t\t<div class=\"elementor-widget-container\">\n\t\t\t\t\t\t\t<ul class=\"elementor-icon-list-items\">\n\t\t\t\t\t\t\t<li class=\"elementor-icon-list-item\">\n\t\t\t\t\t\t\t\t\t\t\t<a href=\"https:\/\/www.amelia.se\/halsa\/steg-for-steg-enkel-meditationsovning-det-tar-bara-10-minuter\/\">\n\n\t\t\t\t\t\t\t\t\t\t\t\t<span class=\"elementor-icon-list-icon\">\n\t\t\t\t\t\t\t<i aria-hidden=\"true\" class=\"bestfreebie  ion-ios-return-right\"><\/i>\t\t\t\t\t\t<\/span>\n\t\t\t\t\t\t\t\t\t\t<span class=\"elementor-icon-list-text\"><b>Have you tried meditation? <\/b><br>There are many health benefits. There are almost as many techniques as there are practitioners, but common to all of them is that you practice presence in the moment.<\/span>\n\t\t\t\t\t\t\t\t\t\t\t<\/a>\n\t\t\t\t\t\t\t\t\t<\/li>\n\t\t\t\t\t\t\t\t<li class=\"elementor-icon-list-item\">\n\t\t\t\t\t\t\t\t\t\t\t<a href=\"https:\/\/iform.se\/traning\/yoga\/5-skona-skal-till-att-gora-yoga-ute-i-det-fria\">\n\n\t\t\t\t\t\t\t\t\t\t\t\t<span class=\"elementor-icon-list-icon\">\n\t\t\t\t\t\t\t<i aria-hidden=\"true\" class=\"bestfreebie  ion-ios-return-right\"><\/i>\t\t\t\t\t\t<\/span>\n\t\t\t\t\t\t\t\t\t\t<span class=\"elementor-icon-list-text\"><b>Yoga out in the green<\/b><br>Get calm soul and strong body of yoga in nature, and as a bonus it is completely free. <\/span>\n\t\t\t\t\t\t\t\t\t\t\t<\/a>\n\t\t\t\t\t\t\t\t\t<\/li>\n\t\t\t\t\t\t<\/ul>\n\t\t\t\t\t\t<\/div>\n\t\t\t\t<\/div>\n\t\t\t\t\t<\/div>\n\t\t<\/div>\n\t\t\t\t\t<\/div>\n\t\t<\/section>\n\t\t\t\t<\/div>","protected":false},"excerpt":{"rendered":"<p>For the body and the mind H\u00e4lsoboost Ibland kan de sm\u00e5 sakerna hj\u00e4lpa, som att ta en promenad i naturen. H\u00e4r finns l\u00e4nkar till alternativa h\u00e4lsoboostande upplevelser.\u00a0 Har du provat meditation? H\u00e4lsof\u00f6rdelarna \u00e4r m\u00e5nga. Det finns n\u00e4stan lika m\u00e5nga tekniker som det finns ut\u00f6vare, men gemensamt f\u00f6r de alla \u00e4r att du \u00f6var p\u00e5 n\u00e4rvaro [&hellip;]<\/p>\n","protected":false},"author":7,"featured_media":0,"parent":27,"menu_order":0,"comment_status":"closed","ping_status":"closed","template":"","meta":{"_acf_changed":false,"_exactmetrics_skip_tracking":false,"_exactmetrics_sitenote_active":false,"_exactmetrics_sitenote_note":"","_exactmetrics_sitenote_category":0,"site-sidebar-layout":"no-sidebar","site-content-layout":"page-builder","ast-site-content-layout":"default","site-content-style":"default","site-sidebar-style":"default","ast-global-header-display":"","ast-banner-title-visibility":"","ast-main-header-display":"","ast-hfb-above-header-display":"","ast-hfb-below-header-display":"","ast-hfb-mobile-header-display":"","site-post-title":"disabled","ast-breadcrumbs-content":"","ast-featured-img":"disabled","footer-sml-layout":"","ast-disable-related-posts":"","theme-transparent-header-meta":"default","adv-header-id-meta":"","stick-header-meta":"default","header-above-stick-meta":"","header-main-stick-meta":"","header-below-stick-meta":"","astra-migrate-meta-layouts":"default","ast-page-background-enabled":"default","ast-page-background-meta":{"desktop":{"background-color":"","background-image":"","background-repeat":"repeat","background-position":"center center","background-size":"auto","background-attachment":"scroll","background-type":"","background-media":"","overlay-type":"","overlay-color":"","overlay-opacity":"","overlay-gradient":""},"tablet":{"background-color":"","background-image":"","background-repeat":"repeat","background-position":"center center","background-size":"auto","background-attachment":"scroll","background-type":"","background-media":"","overlay-type":"","overlay-color":"","overlay-opacity":"","overlay-gradient":""},"mobile":{"background-color":"","background-image":"","background-repeat":"repeat","background-position":"center center","background-size":"auto","background-attachment":"scroll","background-type":"","background-media":"","overlay-type":"","overlay-color":"","overlay-opacity":"","overlay-gradient":""}},"ast-content-background-meta":{"desktop":{"background-color":"var(--ast-global-color-5)","background-image":"","background-repeat":"repeat","background-position":"center center","background-size":"auto","background-attachment":"scroll","background-type":"","background-media":"","overlay-type":"","overlay-color":"","overlay-opacity":"","overlay-gradient":""},"tablet":{"background-color":"var(--ast-global-color-5)","background-image":"","background-repeat":"repeat","background-position":"center center","background-size":"auto","background-attachment":"scroll","background-type":"","background-media":"","overlay-type":"","overlay-color":"","overlay-opacity":"","overlay-gradient":""},"mobile":{"background-color":"var(--ast-global-color-5)","background-image":"","background-repeat":"repeat","background-position":"center center","background-size":"auto","background-attachment":"scroll","background-type":"","background-media":"","overlay-type":"","overlay-color":"","overlay-opacity":"","overlay-gradient":""}},"footnotes":""},"class_list":["post-642","page","type-page","status-publish","hentry"],"acf":[],"yoast_head":"<!-- This site is optimized with the Yoast SEO plugin v27.4 - https:\/\/yoast.com\/product\/yoast-seo-wordpress\/ -->\n<title>H\u00e4lsoboost - IRETURN<\/title>\n<meta name=\"robots\" content=\"index, follow, max-snippet:-1, max-image-preview:large, max-video-preview:-1\" \/>\n<link rel=\"canonical\" href=\"https:\/\/ireturn.se\/en\/are-u-insane\/halsoboost\/\" \/>\n<meta property=\"og:locale\" content=\"en_GB\" \/>\n<meta property=\"og:type\" content=\"article\" \/>\n<meta property=\"og:title\" content=\"H\u00e4lsoboost - IRETURN\" \/>\n<meta property=\"og:description\" content=\"For the body and the mind H\u00e4lsoboost Ibland kan de sm\u00e5 sakerna hj\u00e4lpa, som att ta en promenad i naturen. H\u00e4r finns l\u00e4nkar till alternativa h\u00e4lsoboostande upplevelser.\u00a0 Har du provat meditation? H\u00e4lsof\u00f6rdelarna \u00e4r m\u00e5nga. Det finns n\u00e4stan lika m\u00e5nga tekniker som det finns ut\u00f6vare, men gemensamt f\u00f6r de alla \u00e4r att du \u00f6var p\u00e5 n\u00e4rvaro [&hellip;]\" \/>\n<meta property=\"og:url\" content=\"https:\/\/ireturn.se\/en\/are-u-insane\/halsoboost\/\" \/>\n<meta property=\"og:site_name\" content=\"IRETURN\" \/>\n<meta property=\"article:modified_time\" content=\"2020-06-10T15:53:30+00:00\" \/>\n<meta property=\"og:image\" content=\"http:\/\/ireturn.se\/wp-content\/uploads\/2020\/05\/erik-brolin-wmZNEGkcsmw-unsplash-819x1024.jpg\" \/>\n<meta name=\"twitter:card\" content=\"summary_large_image\" \/>\n<script type=\"application\/ld+json\" class=\"yoast-schema-graph\">{\"@context\":\"https:\\\/\\\/schema.org\",\"@graph\":[{\"@type\":\"WebPage\",\"@id\":\"https:\\\/\\\/ireturn.se\\\/are-u-insane\\\/halsoboost\\\/\",\"url\":\"https:\\\/\\\/ireturn.se\\\/are-u-insane\\\/halsoboost\\\/\",\"name\":\"H\u00e4lsoboost - IRETURN\",\"isPartOf\":{\"@id\":\"https:\\\/\\\/ireturn.se\\\/#website\"},\"primaryImageOfPage\":{\"@id\":\"https:\\\/\\\/ireturn.se\\\/are-u-insane\\\/halsoboost\\\/#primaryimage\"},\"image\":{\"@id\":\"https:\\\/\\\/ireturn.se\\\/are-u-insane\\\/halsoboost\\\/#primaryimage\"},\"thumbnailUrl\":\"http:\\\/\\\/ireturn.se\\\/wp-content\\\/uploads\\\/2020\\\/05\\\/erik-brolin-wmZNEGkcsmw-unsplash-819x1024.jpg\",\"datePublished\":\"2020-05-19T09:41:39+00:00\",\"dateModified\":\"2020-06-10T15:53:30+00:00\",\"breadcrumb\":{\"@id\":\"https:\\\/\\\/ireturn.se\\\/are-u-insane\\\/halsoboost\\\/#breadcrumb\"},\"inLanguage\":\"en-GB\",\"potentialAction\":[{\"@type\":\"ReadAction\",\"target\":[\"https:\\\/\\\/ireturn.se\\\/are-u-insane\\\/halsoboost\\\/\"]}]},{\"@type\":\"ImageObject\",\"inLanguage\":\"en-GB\",\"@id\":\"https:\\\/\\\/ireturn.se\\\/are-u-insane\\\/halsoboost\\\/#primaryimage\",\"url\":\"http:\\\/\\\/ireturn.se\\\/wp-content\\\/uploads\\\/2020\\\/05\\\/erik-brolin-wmZNEGkcsmw-unsplash-819x1024.jpg\",\"contentUrl\":\"http:\\\/\\\/ireturn.se\\\/wp-content\\\/uploads\\\/2020\\\/05\\\/erik-brolin-wmZNEGkcsmw-unsplash-819x1024.jpg\"},{\"@type\":\"BreadcrumbList\",\"@id\":\"https:\\\/\\\/ireturn.se\\\/are-u-insane\\\/halsoboost\\\/#breadcrumb\",\"itemListElement\":[{\"@type\":\"ListItem\",\"position\":1,\"name\":\"Hem\",\"item\":\"https:\\\/\\\/ireturn.se\\\/\"},{\"@type\":\"ListItem\",\"position\":2,\"name\":\"Are u insane?\",\"item\":\"https:\\\/\\\/ireturn.se\\\/are-u-insane\\\/\"},{\"@type\":\"ListItem\",\"position\":3,\"name\":\"H\u00e4lsoboost\"}]},{\"@type\":\"WebSite\",\"@id\":\"https:\\\/\\\/ireturn.se\\\/#website\",\"url\":\"https:\\\/\\\/ireturn.se\\\/\",\"name\":\"IRETURN\",\"description\":\"With passion for mental wellness\",\"potentialAction\":[{\"@type\":\"SearchAction\",\"target\":{\"@type\":\"EntryPoint\",\"urlTemplate\":\"https:\\\/\\\/ireturn.se\\\/?s={search_term_string}\"},\"query-input\":{\"@type\":\"PropertyValueSpecification\",\"valueRequired\":true,\"valueName\":\"search_term_string\"}}],\"inLanguage\":\"en-GB\"}]}<\/script>\n<!-- \/ Yoast SEO plugin. -->","yoast_head_json":{"title":"H\u00e4lsoboost - IRETURN","robots":{"index":"index","follow":"follow","max-snippet":"max-snippet:-1","max-image-preview":"max-image-preview:large","max-video-preview":"max-video-preview:-1"},"canonical":"https:\/\/ireturn.se\/en\/are-u-insane\/halsoboost\/","og_locale":"en_GB","og_type":"article","og_title":"H\u00e4lsoboost - IRETURN","og_description":"For the body and the mind H\u00e4lsoboost Ibland kan de sm\u00e5 sakerna hj\u00e4lpa, som att ta en promenad i naturen. H\u00e4r finns l\u00e4nkar till alternativa h\u00e4lsoboostande upplevelser.\u00a0 Har du provat meditation? H\u00e4lsof\u00f6rdelarna \u00e4r m\u00e5nga. Det finns n\u00e4stan lika m\u00e5nga tekniker som det finns ut\u00f6vare, men gemensamt f\u00f6r de alla \u00e4r att du \u00f6var p\u00e5 n\u00e4rvaro [&hellip;]","og_url":"https:\/\/ireturn.se\/en\/are-u-insane\/halsoboost\/","og_site_name":"IRETURN","article_modified_time":"2020-06-10T15:53:30+00:00","og_image":[{"url":"http:\/\/ireturn.se\/wp-content\/uploads\/2020\/05\/erik-brolin-wmZNEGkcsmw-unsplash-819x1024.jpg","type":"","width":"","height":""}],"twitter_card":"summary_large_image","schema":{"@context":"https:\/\/schema.org","@graph":[{"@type":"WebPage","@id":"https:\/\/ireturn.se\/are-u-insane\/halsoboost\/","url":"https:\/\/ireturn.se\/are-u-insane\/halsoboost\/","name":"H\u00e4lsoboost - IRETURN","isPartOf":{"@id":"https:\/\/ireturn.se\/#website"},"primaryImageOfPage":{"@id":"https:\/\/ireturn.se\/are-u-insane\/halsoboost\/#primaryimage"},"image":{"@id":"https:\/\/ireturn.se\/are-u-insane\/halsoboost\/#primaryimage"},"thumbnailUrl":"http:\/\/ireturn.se\/wp-content\/uploads\/2020\/05\/erik-brolin-wmZNEGkcsmw-unsplash-819x1024.jpg","datePublished":"2020-05-19T09:41:39+00:00","dateModified":"2020-06-10T15:53:30+00:00","breadcrumb":{"@id":"https:\/\/ireturn.se\/are-u-insane\/halsoboost\/#breadcrumb"},"inLanguage":"en-GB","potentialAction":[{"@type":"ReadAction","target":["https:\/\/ireturn.se\/are-u-insane\/halsoboost\/"]}]},{"@type":"ImageObject","inLanguage":"en-GB","@id":"https:\/\/ireturn.se\/are-u-insane\/halsoboost\/#primaryimage","url":"http:\/\/ireturn.se\/wp-content\/uploads\/2020\/05\/erik-brolin-wmZNEGkcsmw-unsplash-819x1024.jpg","contentUrl":"http:\/\/ireturn.se\/wp-content\/uploads\/2020\/05\/erik-brolin-wmZNEGkcsmw-unsplash-819x1024.jpg"},{"@type":"BreadcrumbList","@id":"https:\/\/ireturn.se\/are-u-insane\/halsoboost\/#breadcrumb","itemListElement":[{"@type":"ListItem","position":1,"name":"Hem","item":"https:\/\/ireturn.se\/"},{"@type":"ListItem","position":2,"name":"Are u insane?","item":"https:\/\/ireturn.se\/are-u-insane\/"},{"@type":"ListItem","position":3,"name":"H\u00e4lsoboost"}]},{"@type":"WebSite","@id":"https:\/\/ireturn.se\/#website","url":"https:\/\/ireturn.se\/","name":"IRETURN","description":"With passion for mental wellness","potentialAction":[{"@type":"SearchAction","target":{"@type":"EntryPoint","urlTemplate":"https:\/\/ireturn.se\/?s={search_term_string}"},"query-input":{"@type":"PropertyValueSpecification","valueRequired":true,"valueName":"search_term_string"}}],"inLanguage":"en-GB"}]}},"_links":{"self":[{"href":"https:\/\/ireturn.se\/en\/wp-json\/wp\/v2\/pages\/642","targetHints":{"allow":["GET"]}}],"collection":[{"href":"https:\/\/ireturn.se\/en\/wp-json\/wp\/v2\/pages"}],"about":[{"href":"https:\/\/ireturn.se\/en\/wp-json\/wp\/v2\/types\/page"}],"author":[{"embeddable":true,"href":"https:\/\/ireturn.se\/en\/wp-json\/wp\/v2\/users\/7"}],"replies":[{"embeddable":true,"href":"https:\/\/ireturn.se\/en\/wp-json\/wp\/v2\/comments?post=642"}],"version-history":[{"count":0,"href":"https:\/\/ireturn.se\/en\/wp-json\/wp\/v2\/pages\/642\/revisions"}],"up":[{"embeddable":true,"href":"https:\/\/ireturn.se\/en\/wp-json\/wp\/v2\/pages\/27"}],"wp:attachment":[{"href":"https:\/\/ireturn.se\/en\/wp-json\/wp\/v2\/media?parent=642"}],"curies":[{"name":"wp","href":"https:\/\/api.w.org\/{rel}","templated":true}]}}