{"id":644,"date":"2020-05-19T09:41:52","date_gmt":"2020-05-19T09:41:52","guid":{"rendered":"http:\/\/ireturn.se\/?page_id=644"},"modified":"2020-06-10T15:55:24","modified_gmt":"2020-06-10T15:55:24","slug":"health-tech","status":"publish","type":"page","link":"https:\/\/ireturn.se\/en\/are-u-insane\/health-tech\/","title":{"rendered":"Health tech"},"content":{"rendered":"<div data-elementor-type=\"wp-page\" data-elementor-id=\"644\" class=\"elementor elementor-644\" data-elementor-post-type=\"page\">\n\t\t\t\t\t\t<section class=\"elementor-section elementor-top-section elementor-element elementor-element-16c0978b elementor-section-height-min-height elementor-section-boxed elementor-section-height-default elementor-section-items-middle\" data-id=\"16c0978b\" data-element_type=\"section\">\n\t\t\t\t\t\t<div class=\"elementor-container elementor-column-gap-default\">\n\t\t\t\t\t<div class=\"elementor-column elementor-col-100 elementor-top-column elementor-element elementor-element-4462ad4b\" data-id=\"4462ad4b\" data-element_type=\"column\">\n\t\t\t<div class=\"elementor-widget-wrap elementor-element-populated\">\n\t\t\t\t\t\t<div class=\"elementor-element elementor-element-5fc76329 elementor-widget elementor-widget-heading\" data-id=\"5fc76329\" data-element_type=\"widget\" data-widget_type=\"heading.default\">\n\t\t\t\t<div class=\"elementor-widget-container\">\n\t\t\t\t\t<h2 class=\"elementor-heading-title elementor-size-default\">The world wide web is here to help<\/h2>\t\t\t\t<\/div>\n\t\t\t\t<\/div>\n\t\t\t\t<div class=\"elementor-element elementor-element-50b705fc elementor-invisible elementor-widget elementor-widget-heading\" data-id=\"50b705fc\" data-element_type=\"widget\" data-settings=\"{&quot;_animation&quot;:&quot;fadeInDown&quot;}\" data-widget_type=\"heading.default\">\n\t\t\t\t<div class=\"elementor-widget-container\">\n\t\t\t\t\t<h2 class=\"elementor-heading-title elementor-size-default\">Health Tech<\/h2>\t\t\t\t<\/div>\n\t\t\t\t<\/div>\n\t\t\t\t<div class=\"elementor-element elementor-element-7dcf2ca2 elementor-widget elementor-widget-text-editor\" data-id=\"7dcf2ca2\" data-element_type=\"widget\" data-widget_type=\"text-editor.default\">\n\t\t\t\t<div class=\"elementor-widget-container\">\n\t\t\t\t\t\t\t\t\t<p>There are plenty of apps and digital tools to help you. Here are our favorites.\u00a0<\/p>\t\t\t\t\t\t\t\t<\/div>\n\t\t\t\t<\/div>\n\t\t\t\t\t<\/div>\n\t\t<\/div>\n\t\t\t\t\t<\/div>\n\t\t<\/section>\n\t\t\t\t<section class=\"elementor-section elementor-top-section elementor-element elementor-element-4f86405f elementor-reverse-mobile elementor-section-boxed elementor-section-height-default elementor-section-height-default\" data-id=\"4f86405f\" data-element_type=\"section\">\n\t\t\t\t\t\t<div class=\"elementor-container elementor-column-gap-default\">\n\t\t\t\t\t<div class=\"elementor-column elementor-col-50 elementor-top-column elementor-element elementor-element-1f79a15a\" data-id=\"1f79a15a\" data-element_type=\"column\">\n\t\t\t<div class=\"elementor-widget-wrap elementor-element-populated\">\n\t\t\t\t\t\t<div class=\"elementor-element elementor-element-694df97 elementor-icon-list--layout-traditional elementor-list-item-link-full_width elementor-widget elementor-widget-icon-list\" data-id=\"694df97\" data-element_type=\"widget\" data-widget_type=\"icon-list.default\">\n\t\t\t\t<div class=\"elementor-widget-container\">\n\t\t\t\t\t\t\t<ul class=\"elementor-icon-list-items\">\n\t\t\t\t\t\t\t<li class=\"elementor-icon-list-item\">\n\t\t\t\t\t\t\t\t\t\t\t<a href=\"https:\/\/29k.org\/\">\n\n\t\t\t\t\t\t\t\t\t\t\t\t<span class=\"elementor-icon-list-icon\">\n\t\t\t\t\t\t\t<i aria-hidden=\"true\" class=\"bestfreebie  ion-ios-return-right\"><\/i>\t\t\t\t\t\t<\/span>\n\t\t\t\t\t\t\t\t\t\t<span class=\"elementor-icon-list-text\"><b>29k is the result of researchers and entrepreneurs who together want to help the world feel better  <\/b><br>It can be described as a self-help app, which is free, where the user gets various exercises to reduce stress, find a greater meaning with life and improve their relationships. <\/span>\n\t\t\t\t\t\t\t\t\t\t\t<\/a>\n\t\t\t\t\t\t\t\t\t<\/li>\n\t\t\t\t\t\t\t\t<li class=\"elementor-icon-list-item\">\n\t\t\t\t\t\t\t\t\t\t\t<a href=\"https:\/\/www.headspace.com\/\">\n\n\t\t\t\t\t\t\t\t\t\t\t\t<span class=\"elementor-icon-list-icon\">\n\t\t\t\t\t\t\t<i aria-hidden=\"true\" class=\"bestfreebie  ion-ios-return-right\"><\/i>\t\t\t\t\t\t<\/span>\n\t\t\t\t\t\t\t\t\t\t<span class=\"elementor-icon-list-text\"><b>The classic meditation app Headspace <\/b><br> They have gone from being an event company where participants wanted to bring Andy Rich's lessons home, to the goal of making the world healthier - and happier. <\/span>\n\t\t\t\t\t\t\t\t\t\t\t<\/a>\n\t\t\t\t\t\t\t\t\t<\/li>\n\t\t\t\t\t\t<\/ul>\n\t\t\t\t\t\t<\/div>\n\t\t\t\t<\/div>\n\t\t\t\t\t<\/div>\n\t\t<\/div>\n\t\t\t\t<div class=\"elementor-column elementor-col-50 elementor-top-column elementor-element elementor-element-5b37b4ac\" data-id=\"5b37b4ac\" data-element_type=\"column\">\n\t\t\t<div class=\"elementor-widget-wrap elementor-element-populated\">\n\t\t\t\t\t\t<section class=\"elementor-section elementor-inner-section elementor-element elementor-element-111186fd elementor-section-boxed elementor-section-height-default elementor-section-height-default\" data-id=\"111186fd\" data-element_type=\"section\">\n\t\t\t\t\t\t<div class=\"elementor-container elementor-column-gap-default\">\n\t\t\t\t\t<div class=\"elementor-column elementor-col-50 elementor-inner-column elementor-element elementor-element-3fe21b3d\" data-id=\"3fe21b3d\" data-element_type=\"column\">\n\t\t\t<div class=\"elementor-widget-wrap elementor-element-populated\">\n\t\t\t\t\t\t<div class=\"elementor-element elementor-element-74d9b352 elementor-widget elementor-widget-image\" data-id=\"74d9b352\" data-element_type=\"widget\" data-widget_type=\"image.default\">\n\t\t\t\t<div class=\"elementor-widget-container\">\n\t\t\t\t\t\t\t\t\t\t\t\t\t\t\t<img fetchpriority=\"high\" decoding=\"async\" width=\"1024\" height=\"1024\" src=\"https:\/\/ireturn.se\/wp-content\/uploads\/2020\/05\/ben-kolde-xdLXPic3Wfk-unsplash-1024x1024.jpg\" class=\"attachment-large size-large wp-image-553\" alt=\"\" srcset=\"https:\/\/ireturn.se\/wp-content\/uploads\/2020\/05\/ben-kolde-xdLXPic3Wfk-unsplash-1024x1024.jpg 1024w, https:\/\/ireturn.se\/wp-content\/uploads\/2020\/05\/ben-kolde-xdLXPic3Wfk-unsplash-300x300.jpg 300w, https:\/\/ireturn.se\/wp-content\/uploads\/2020\/05\/ben-kolde-xdLXPic3Wfk-unsplash-150x150.jpg 150w, https:\/\/ireturn.se\/wp-content\/uploads\/2020\/05\/ben-kolde-xdLXPic3Wfk-unsplash-768x768.jpg 768w, https:\/\/ireturn.se\/wp-content\/uploads\/2020\/05\/ben-kolde-xdLXPic3Wfk-unsplash-1536x1536.jpg 1536w, https:\/\/ireturn.se\/wp-content\/uploads\/2020\/05\/ben-kolde-xdLXPic3Wfk-unsplash-2048x2048.jpg 2048w\" sizes=\"(max-width: 1024px) 100vw, 1024px\" \/>\t\t\t\t\t\t\t\t\t\t\t\t\t\t\t<\/div>\n\t\t\t\t<\/div>\n\t\t\t\t\t<\/div>\n\t\t<\/div>\n\t\t\t\t<div class=\"elementor-column elementor-col-50 elementor-inner-column elementor-element elementor-element-797639e\" data-id=\"797639e\" data-element_type=\"column\" data-settings=\"{&quot;background_background&quot;:&quot;classic&quot;}\">\n\t\t\t<div class=\"elementor-widget-wrap elementor-element-populated\">\n\t\t\t\t\t\t<div class=\"elementor-element elementor-element-57b7734c elementor-widget elementor-widget-spacer\" data-id=\"57b7734c\" data-element_type=\"widget\" data-widget_type=\"spacer.default\">\n\t\t\t\t<div class=\"elementor-widget-container\">\n\t\t\t\t\t\t\t<div class=\"elementor-spacer\">\n\t\t\t<div class=\"elementor-spacer-inner\"><\/div>\n\t\t<\/div>\n\t\t\t\t\t\t<\/div>\n\t\t\t\t<\/div>\n\t\t\t\t\t<\/div>\n\t\t<\/div>\n\t\t\t\t\t<\/div>\n\t\t<\/section>\n\t\t\t\t\t<\/div>\n\t\t<\/div>\n\t\t\t\t\t<\/div>\n\t\t<\/section>\n\t\t\t\t<\/div>","protected":false},"excerpt":{"rendered":"<p>The world wide web is here to help Health Tech Det finns m\u00e4ngder av appar och digitala verktyg som vill hj\u00e4lpa dig. H\u00e4r \u00e4r v\u00e5ra favoriter.\u00a0 29k \u00e4r resultatet av forskare och entrepren\u00f6rer som tillsammans vill hj\u00e4lpa v\u00e4rlden att m\u00e5 b\u00e4ttre Det kan beskrivas som en sj\u00e4lvhj\u00e4lpsapp, som \u00e4r gratis, d\u00e4r anv\u00e4ndaren f\u00e5r olika \u00f6vningar [&hellip;]<\/p>\n","protected":false},"author":7,"featured_media":0,"parent":27,"menu_order":0,"comment_status":"closed","ping_status":"closed","template":"","meta":{"_acf_changed":false,"_exactmetrics_skip_tracking":false,"_exactmetrics_sitenote_active":false,"_exactmetrics_sitenote_note":"","_exactmetrics_sitenote_category":0,"site-sidebar-layout":"no-sidebar","site-content-layout":"page-builder","ast-site-content-layout":"default","site-content-style":"default","site-sidebar-style":"default","ast-global-header-display":"","ast-banner-title-visibility":"","ast-main-header-display":"","ast-hfb-above-header-display":"","ast-hfb-below-header-display":"","ast-hfb-mobile-header-display":"","site-post-title":"disabled","ast-breadcrumbs-content":"","ast-featured-img":"disabled","footer-sml-layout":"","ast-disable-related-posts":"","theme-transparent-header-meta":"default","adv-header-id-meta":"","stick-header-meta":"default","header-above-stick-meta":"","header-main-stick-meta":"","header-below-stick-meta":"","astra-migrate-meta-layouts":"default","ast-page-background-enabled":"default","ast-page-background-meta":{"desktop":{"background-color":"","background-image":"","background-repeat":"repeat","background-position":"center center","background-size":"auto","background-attachment":"scroll","background-type":"","background-media":"","overlay-type":"","overlay-color":"","overlay-opacity":"","overlay-gradient":""},"tablet":{"background-color":"","background-image":"","background-repeat":"repeat","background-position":"center center","background-size":"auto","background-attachment":"scroll","background-type":"","background-media":"","overlay-type":"","overlay-color":"","overlay-opacity":"","overlay-gradient":""},"mobile":{"background-color":"","background-image":"","background-repeat":"repeat","background-position":"center center","background-size":"auto","background-attachment":"scroll","background-type":"","background-media":"","overlay-type":"","overlay-color":"","overlay-opacity":"","overlay-gradient":""}},"ast-content-background-meta":{"desktop":{"background-color":"var(--ast-global-color-5)","background-image":"","background-repeat":"repeat","background-position":"center center","background-size":"auto","background-attachment":"scroll","background-type":"","background-media":"","overlay-type":"","overlay-color":"","overlay-opacity":"","overlay-gradient":""},"tablet":{"background-color":"var(--ast-global-color-5)","background-image":"","background-repeat":"repeat","background-position":"center center","background-size":"auto","background-attachment":"scroll","background-type":"","background-media":"","overlay-type":"","overlay-color":"","overlay-opacity":"","overlay-gradient":""},"mobile":{"background-color":"var(--ast-global-color-5)","background-image":"","background-repeat":"repeat","background-position":"center center","background-size":"auto","background-attachment":"scroll","background-type":"","background-media":"","overlay-type":"","overlay-color":"","overlay-opacity":"","overlay-gradient":""}},"footnotes":""},"class_list":["post-644","page","type-page","status-publish","hentry"],"acf":[],"yoast_head":"<!-- This site is optimized with the Yoast SEO plugin v27.4 - https:\/\/yoast.com\/product\/yoast-seo-wordpress\/ -->\n<title>Health tech - IRETURN<\/title>\n<meta name=\"robots\" content=\"index, follow, max-snippet:-1, max-image-preview:large, max-video-preview:-1\" \/>\n<link rel=\"canonical\" href=\"https:\/\/ireturn.se\/en\/are-u-insane\/health-tech\/\" \/>\n<meta property=\"og:locale\" content=\"en_GB\" \/>\n<meta property=\"og:type\" content=\"article\" \/>\n<meta property=\"og:title\" content=\"Health tech - IRETURN\" \/>\n<meta property=\"og:description\" content=\"The world wide web is here to help Health Tech Det finns m\u00e4ngder av appar och digitala verktyg som vill hj\u00e4lpa dig. H\u00e4r \u00e4r v\u00e5ra favoriter.\u00a0 29k \u00e4r resultatet av forskare och entrepren\u00f6rer som tillsammans vill hj\u00e4lpa v\u00e4rlden att m\u00e5 b\u00e4ttre Det kan beskrivas som en sj\u00e4lvhj\u00e4lpsapp, som \u00e4r gratis, d\u00e4r anv\u00e4ndaren f\u00e5r olika \u00f6vningar [&hellip;]\" \/>\n<meta property=\"og:url\" content=\"https:\/\/ireturn.se\/en\/are-u-insane\/health-tech\/\" \/>\n<meta property=\"og:site_name\" content=\"IRETURN\" \/>\n<meta property=\"article:modified_time\" content=\"2020-06-10T15:55:24+00:00\" \/>\n<meta property=\"og:image\" content=\"http:\/\/ireturn.se\/wp-content\/uploads\/2020\/05\/ben-kolde-xdLXPic3Wfk-unsplash-1024x1024.jpg\" \/>\n<meta name=\"twitter:card\" content=\"summary_large_image\" \/>\n<meta name=\"twitter:label1\" content=\"Estimated reading time\" \/>\n\t<meta name=\"twitter:data1\" content=\"1 minute\" \/>\n<script type=\"application\/ld+json\" class=\"yoast-schema-graph\">{\"@context\":\"https:\\\/\\\/schema.org\",\"@graph\":[{\"@type\":\"WebPage\",\"@id\":\"https:\\\/\\\/ireturn.se\\\/are-u-insane\\\/health-tech\\\/\",\"url\":\"https:\\\/\\\/ireturn.se\\\/are-u-insane\\\/health-tech\\\/\",\"name\":\"Health tech - IRETURN\",\"isPartOf\":{\"@id\":\"https:\\\/\\\/ireturn.se\\\/#website\"},\"primaryImageOfPage\":{\"@id\":\"https:\\\/\\\/ireturn.se\\\/are-u-insane\\\/health-tech\\\/#primaryimage\"},\"image\":{\"@id\":\"https:\\\/\\\/ireturn.se\\\/are-u-insane\\\/health-tech\\\/#primaryimage\"},\"thumbnailUrl\":\"http:\\\/\\\/ireturn.se\\\/wp-content\\\/uploads\\\/2020\\\/05\\\/ben-kolde-xdLXPic3Wfk-unsplash-1024x1024.jpg\",\"datePublished\":\"2020-05-19T09:41:52+00:00\",\"dateModified\":\"2020-06-10T15:55:24+00:00\",\"breadcrumb\":{\"@id\":\"https:\\\/\\\/ireturn.se\\\/are-u-insane\\\/health-tech\\\/#breadcrumb\"},\"inLanguage\":\"en-GB\",\"potentialAction\":[{\"@type\":\"ReadAction\",\"target\":[\"https:\\\/\\\/ireturn.se\\\/are-u-insane\\\/health-tech\\\/\"]}]},{\"@type\":\"ImageObject\",\"inLanguage\":\"en-GB\",\"@id\":\"https:\\\/\\\/ireturn.se\\\/are-u-insane\\\/health-tech\\\/#primaryimage\",\"url\":\"http:\\\/\\\/ireturn.se\\\/wp-content\\\/uploads\\\/2020\\\/05\\\/ben-kolde-xdLXPic3Wfk-unsplash-1024x1024.jpg\",\"contentUrl\":\"http:\\\/\\\/ireturn.se\\\/wp-content\\\/uploads\\\/2020\\\/05\\\/ben-kolde-xdLXPic3Wfk-unsplash-1024x1024.jpg\"},{\"@type\":\"BreadcrumbList\",\"@id\":\"https:\\\/\\\/ireturn.se\\\/are-u-insane\\\/health-tech\\\/#breadcrumb\",\"itemListElement\":[{\"@type\":\"ListItem\",\"position\":1,\"name\":\"Hem\",\"item\":\"https:\\\/\\\/ireturn.se\\\/\"},{\"@type\":\"ListItem\",\"position\":2,\"name\":\"Are u insane?\",\"item\":\"https:\\\/\\\/ireturn.se\\\/are-u-insane\\\/\"},{\"@type\":\"ListItem\",\"position\":3,\"name\":\"Health tech\"}]},{\"@type\":\"WebSite\",\"@id\":\"https:\\\/\\\/ireturn.se\\\/#website\",\"url\":\"https:\\\/\\\/ireturn.se\\\/\",\"name\":\"IRETURN\",\"description\":\"With passion for mental wellness\",\"potentialAction\":[{\"@type\":\"SearchAction\",\"target\":{\"@type\":\"EntryPoint\",\"urlTemplate\":\"https:\\\/\\\/ireturn.se\\\/?s={search_term_string}\"},\"query-input\":{\"@type\":\"PropertyValueSpecification\",\"valueRequired\":true,\"valueName\":\"search_term_string\"}}],\"inLanguage\":\"en-GB\"}]}<\/script>\n<!-- \/ Yoast SEO plugin. -->","yoast_head_json":{"title":"Health tech - IRETURN","robots":{"index":"index","follow":"follow","max-snippet":"max-snippet:-1","max-image-preview":"max-image-preview:large","max-video-preview":"max-video-preview:-1"},"canonical":"https:\/\/ireturn.se\/en\/are-u-insane\/health-tech\/","og_locale":"en_GB","og_type":"article","og_title":"Health tech - IRETURN","og_description":"The world wide web is here to help Health Tech Det finns m\u00e4ngder av appar och digitala verktyg som vill hj\u00e4lpa dig. H\u00e4r \u00e4r v\u00e5ra favoriter.\u00a0 29k \u00e4r resultatet av forskare och entrepren\u00f6rer som tillsammans vill hj\u00e4lpa v\u00e4rlden att m\u00e5 b\u00e4ttre Det kan beskrivas som en sj\u00e4lvhj\u00e4lpsapp, som \u00e4r gratis, d\u00e4r anv\u00e4ndaren f\u00e5r olika \u00f6vningar [&hellip;]","og_url":"https:\/\/ireturn.se\/en\/are-u-insane\/health-tech\/","og_site_name":"IRETURN","article_modified_time":"2020-06-10T15:55:24+00:00","og_image":[{"url":"http:\/\/ireturn.se\/wp-content\/uploads\/2020\/05\/ben-kolde-xdLXPic3Wfk-unsplash-1024x1024.jpg","type":"","width":"","height":""}],"twitter_card":"summary_large_image","twitter_misc":{"Estimated reading time":"1 minute"},"schema":{"@context":"https:\/\/schema.org","@graph":[{"@type":"WebPage","@id":"https:\/\/ireturn.se\/are-u-insane\/health-tech\/","url":"https:\/\/ireturn.se\/are-u-insane\/health-tech\/","name":"Health tech - IRETURN","isPartOf":{"@id":"https:\/\/ireturn.se\/#website"},"primaryImageOfPage":{"@id":"https:\/\/ireturn.se\/are-u-insane\/health-tech\/#primaryimage"},"image":{"@id":"https:\/\/ireturn.se\/are-u-insane\/health-tech\/#primaryimage"},"thumbnailUrl":"http:\/\/ireturn.se\/wp-content\/uploads\/2020\/05\/ben-kolde-xdLXPic3Wfk-unsplash-1024x1024.jpg","datePublished":"2020-05-19T09:41:52+00:00","dateModified":"2020-06-10T15:55:24+00:00","breadcrumb":{"@id":"https:\/\/ireturn.se\/are-u-insane\/health-tech\/#breadcrumb"},"inLanguage":"en-GB","potentialAction":[{"@type":"ReadAction","target":["https:\/\/ireturn.se\/are-u-insane\/health-tech\/"]}]},{"@type":"ImageObject","inLanguage":"en-GB","@id":"https:\/\/ireturn.se\/are-u-insane\/health-tech\/#primaryimage","url":"http:\/\/ireturn.se\/wp-content\/uploads\/2020\/05\/ben-kolde-xdLXPic3Wfk-unsplash-1024x1024.jpg","contentUrl":"http:\/\/ireturn.se\/wp-content\/uploads\/2020\/05\/ben-kolde-xdLXPic3Wfk-unsplash-1024x1024.jpg"},{"@type":"BreadcrumbList","@id":"https:\/\/ireturn.se\/are-u-insane\/health-tech\/#breadcrumb","itemListElement":[{"@type":"ListItem","position":1,"name":"Hem","item":"https:\/\/ireturn.se\/"},{"@type":"ListItem","position":2,"name":"Are u insane?","item":"https:\/\/ireturn.se\/are-u-insane\/"},{"@type":"ListItem","position":3,"name":"Health tech"}]},{"@type":"WebSite","@id":"https:\/\/ireturn.se\/#website","url":"https:\/\/ireturn.se\/","name":"IRETURN","description":"With passion for mental wellness","potentialAction":[{"@type":"SearchAction","target":{"@type":"EntryPoint","urlTemplate":"https:\/\/ireturn.se\/?s={search_term_string}"},"query-input":{"@type":"PropertyValueSpecification","valueRequired":true,"valueName":"search_term_string"}}],"inLanguage":"en-GB"}]}},"_links":{"self":[{"href":"https:\/\/ireturn.se\/en\/wp-json\/wp\/v2\/pages\/644","targetHints":{"allow":["GET"]}}],"collection":[{"href":"https:\/\/ireturn.se\/en\/wp-json\/wp\/v2\/pages"}],"about":[{"href":"https:\/\/ireturn.se\/en\/wp-json\/wp\/v2\/types\/page"}],"author":[{"embeddable":true,"href":"https:\/\/ireturn.se\/en\/wp-json\/wp\/v2\/users\/7"}],"replies":[{"embeddable":true,"href":"https:\/\/ireturn.se\/en\/wp-json\/wp\/v2\/comments?post=644"}],"version-history":[{"count":0,"href":"https:\/\/ireturn.se\/en\/wp-json\/wp\/v2\/pages\/644\/revisions"}],"up":[{"embeddable":true,"href":"https:\/\/ireturn.se\/en\/wp-json\/wp\/v2\/pages\/27"}],"wp:attachment":[{"href":"https:\/\/ireturn.se\/en\/wp-json\/wp\/v2\/media?parent=644"}],"curies":[{"name":"wp","href":"https:\/\/api.w.org\/{rel}","templated":true}]}}