{"id":646,"date":"2020-05-19T09:42:06","date_gmt":"2020-05-19T09:42:06","guid":{"rendered":"http:\/\/ireturn.se\/?page_id=646"},"modified":"2020-06-10T15:58:06","modified_gmt":"2020-06-10T15:58:06","slug":"inspo","status":"publish","type":"page","link":"https:\/\/ireturn.se\/en\/are-u-insane\/inspo\/","title":{"rendered":"Inspiration"},"content":{"rendered":"<div data-elementor-type=\"wp-page\" data-elementor-id=\"646\" class=\"elementor elementor-646\" data-elementor-post-type=\"page\">\n\t\t\t\t\t\t<section class=\"elementor-section elementor-top-section elementor-element elementor-element-1d439c20 elementor-section-height-min-height elementor-section-boxed elementor-section-height-default elementor-section-items-middle\" data-id=\"1d439c20\" data-element_type=\"section\">\n\t\t\t\t\t\t<div class=\"elementor-container elementor-column-gap-default\">\n\t\t\t\t\t<div class=\"elementor-column elementor-col-100 elementor-top-column elementor-element elementor-element-4d9c175\" data-id=\"4d9c175\" data-element_type=\"column\">\n\t\t\t<div class=\"elementor-widget-wrap elementor-element-populated\">\n\t\t\t\t\t\t<div class=\"elementor-element elementor-element-6f23551c elementor-widget elementor-widget-heading\" data-id=\"6f23551c\" data-element_type=\"widget\" data-widget_type=\"heading.default\">\n\t\t\t\t<div class=\"elementor-widget-container\">\n\t\t\t\t\t<h2 class=\"elementor-heading-title elementor-size-default\">Make your dreams bigger<\/h2>\t\t\t\t<\/div>\n\t\t\t\t<\/div>\n\t\t\t\t<div class=\"elementor-element elementor-element-47545dbd elementor-invisible elementor-widget elementor-widget-heading\" data-id=\"47545dbd\" data-element_type=\"widget\" data-settings=\"{&quot;_animation&quot;:&quot;fadeInDown&quot;}\" data-widget_type=\"heading.default\">\n\t\t\t\t<div class=\"elementor-widget-container\">\n\t\t\t\t\t<h2 class=\"elementor-heading-title elementor-size-default\">Inspiration<\/h2>\t\t\t\t<\/div>\n\t\t\t\t<\/div>\n\t\t\t\t<div class=\"elementor-element elementor-element-8b56d70 elementor-widget elementor-widget-text-editor\" data-id=\"8b56d70\" data-element_type=\"widget\" data-widget_type=\"text-editor.default\">\n\t\t\t\t<div class=\"elementor-widget-container\">\n\t\t\t\t\t\t\t\t\t<p>Below you will find links to insightful articles and research that can help you move forward.\u00a0<\/p>\t\t\t\t\t\t\t\t<\/div>\n\t\t\t\t<\/div>\n\t\t\t\t\t<\/div>\n\t\t<\/div>\n\t\t\t\t\t<\/div>\n\t\t<\/section>\n\t\t\t\t<section class=\"elementor-section elementor-top-section elementor-element elementor-element-1853bfc2 elementor-reverse-mobile elementor-section-boxed elementor-section-height-default elementor-section-height-default\" data-id=\"1853bfc2\" data-element_type=\"section\">\n\t\t\t\t\t\t<div class=\"elementor-container elementor-column-gap-default\">\n\t\t\t\t\t<div class=\"elementor-column elementor-col-50 elementor-top-column elementor-element elementor-element-1efd2020\" data-id=\"1efd2020\" data-element_type=\"column\">\n\t\t\t<div class=\"elementor-widget-wrap elementor-element-populated\">\n\t\t\t\t\t\t<div class=\"elementor-element elementor-element-347cfa6 elementor-icon-list--layout-traditional elementor-list-item-link-full_width elementor-widget elementor-widget-icon-list\" data-id=\"347cfa6\" data-element_type=\"widget\" data-widget_type=\"icon-list.default\">\n\t\t\t\t<div class=\"elementor-widget-container\">\n\t\t\t\t\t\t\t<ul class=\"elementor-icon-list-items\">\n\t\t\t\t\t\t\t<li class=\"elementor-icon-list-item\">\n\t\t\t\t\t\t\t\t\t\t\t<a href=\"https:\/\/hbr.org\/2018\/01\/when-burnout-is-a-sign-you-should-leave-your-job?utm_campaign=hbr&#038;utm_source=facebook&#038;utm_medium=social&#038;fbclid=IwAR00iRat0ORZYw4nplM6T_cMDQ4F4Z1xH1CTIK_BWbKSlCVUy2DL1bEUg-U\">\n\n\t\t\t\t\t\t\t\t\t\t\t\t<span class=\"elementor-icon-list-icon\">\n\t\t\t\t\t\t\t<i aria-hidden=\"true\" class=\"bestfreebie  ion-ios-return-right\"><\/i>\t\t\t\t\t\t<\/span>\n\t\t\t\t\t\t\t\t\t\t<span class=\"elementor-icon-list-text\"><b>When Burnout Is a Sign You Should Leave Your Job<\/b><br>An article about how your job can affect your mental health<\/span>\n\t\t\t\t\t\t\t\t\t\t\t<\/a>\n\t\t\t\t\t\t\t\t\t<\/li>\n\t\t\t\t\t\t\t\t<li class=\"elementor-icon-list-item\">\n\t\t\t\t\t\t\t\t\t\t\t<a href=\"https:\/\/www.resume.se\/alla-nyheter\/baramanniska\/byrachefen-tog-sig-tillbaka-fran-utbrandhet-nu-hjalper-han-andra\/\">\n\n\t\t\t\t\t\t\t\t\t\t\t\t<span class=\"elementor-icon-list-icon\">\n\t\t\t\t\t\t\t<i aria-hidden=\"true\" class=\"bestfreebie  ion-ios-return-right\"><\/i>\t\t\t\t\t\t<\/span>\n\t\t\t\t\t\t\t\t\t\t<span class=\"elementor-icon-list-text\"><b>Byr\u00e5chefen tog sig tillbaka fr\u00e5n utbr\u00e4ndhet \u2013 nu hj\u00e4lper han andra<\/b><br>Tomas Strand ber\u00e4ttade om sin sv\u00e5ra utmattning och den tuffa v\u00e4gen tillbaka. Sedan Resum\u00e9s intervju har hundratals m\u00e4nniskor h\u00f6rt av sig och bett om r\u00e5d och tips: \"Jag m\u00e4rker direkt om n\u00e5gon inte m\u00e5r bra\".<\/span>\n\t\t\t\t\t\t\t\t\t\t\t<\/a>\n\t\t\t\t\t\t\t\t\t<\/li>\n\t\t\t\t\t\t<\/ul>\n\t\t\t\t\t\t<\/div>\n\t\t\t\t<\/div>\n\t\t\t\t\t<\/div>\n\t\t<\/div>\n\t\t\t\t<div class=\"elementor-column elementor-col-50 elementor-top-column elementor-element elementor-element-1b2cc48d\" data-id=\"1b2cc48d\" data-element_type=\"column\">\n\t\t\t<div class=\"elementor-widget-wrap elementor-element-populated\">\n\t\t\t\t\t\t<section class=\"elementor-section elementor-inner-section elementor-element elementor-element-4f5c2178 elementor-section-boxed elementor-section-height-default elementor-section-height-default\" data-id=\"4f5c2178\" data-element_type=\"section\">\n\t\t\t\t\t\t<div class=\"elementor-container elementor-column-gap-default\">\n\t\t\t\t\t<div class=\"elementor-column elementor-col-50 elementor-inner-column elementor-element elementor-element-c61ffba\" data-id=\"c61ffba\" data-element_type=\"column\">\n\t\t\t<div class=\"elementor-widget-wrap elementor-element-populated\">\n\t\t\t\t\t\t<div class=\"elementor-element elementor-element-2fedc320 elementor-widget elementor-widget-image\" data-id=\"2fedc320\" data-element_type=\"widget\" data-widget_type=\"image.default\">\n\t\t\t\t<div class=\"elementor-widget-container\">\n\t\t\t\t\t\t\t\t\t\t\t\t\t\t\t<img fetchpriority=\"high\" decoding=\"async\" width=\"839\" height=\"1024\" src=\"https:\/\/ireturn.se\/wp-content\/uploads\/2020\/05\/hello-i-m-nik-z1d-LP8sjuI-unsplash-839x1024.jpg\" class=\"attachment-large size-large wp-image-671\" alt=\"\" srcset=\"https:\/\/ireturn.se\/wp-content\/uploads\/2020\/05\/hello-i-m-nik-z1d-LP8sjuI-unsplash-839x1024.jpg 839w, https:\/\/ireturn.se\/wp-content\/uploads\/2020\/05\/hello-i-m-nik-z1d-LP8sjuI-unsplash-246x300.jpg 246w, https:\/\/ireturn.se\/wp-content\/uploads\/2020\/05\/hello-i-m-nik-z1d-LP8sjuI-unsplash-768x937.jpg 768w, https:\/\/ireturn.se\/wp-content\/uploads\/2020\/05\/hello-i-m-nik-z1d-LP8sjuI-unsplash-1258x1536.jpg 1258w, https:\/\/ireturn.se\/wp-content\/uploads\/2020\/05\/hello-i-m-nik-z1d-LP8sjuI-unsplash-1678x2048.jpg 1678w\" sizes=\"(max-width: 839px) 100vw, 839px\" \/>\t\t\t\t\t\t\t\t\t\t\t\t\t\t\t<\/div>\n\t\t\t\t<\/div>\n\t\t\t\t\t<\/div>\n\t\t<\/div>\n\t\t\t\t<div class=\"elementor-column elementor-col-50 elementor-inner-column elementor-element elementor-element-6aa2493e\" data-id=\"6aa2493e\" data-element_type=\"column\" data-settings=\"{&quot;background_background&quot;:&quot;classic&quot;}\">\n\t\t\t<div class=\"elementor-widget-wrap elementor-element-populated\">\n\t\t\t\t\t\t<div class=\"elementor-element elementor-element-3170f071 elementor-widget elementor-widget-spacer\" data-id=\"3170f071\" data-element_type=\"widget\" data-widget_type=\"spacer.default\">\n\t\t\t\t<div class=\"elementor-widget-container\">\n\t\t\t\t\t\t\t<div class=\"elementor-spacer\">\n\t\t\t<div class=\"elementor-spacer-inner\"><\/div>\n\t\t<\/div>\n\t\t\t\t\t\t<\/div>\n\t\t\t\t<\/div>\n\t\t\t\t\t<\/div>\n\t\t<\/div>\n\t\t\t\t\t<\/div>\n\t\t<\/section>\n\t\t\t\t\t<\/div>\n\t\t<\/div>\n\t\t\t\t\t<\/div>\n\t\t<\/section>\n\t\t\t\t<\/div>","protected":false},"excerpt":{"rendered":"<p>Make your dreams bigger Inspo H\u00e4r under hittar du l\u00e4nkar till insiktsfulla artiklar och forskning som kan hj\u00e4lpa dig fram\u00e5t.\u00a0 When Burnout Is a Sign You Should Leave Your JobEn artikel om hur ditt jobb kan p\u00e5verka din psykiska h\u00e4lsa Byr\u00e5chefen tog sig tillbaka fr\u00e5n utbr\u00e4ndhet \u2013 nu hj\u00e4lper han andraTomas Strand ber\u00e4ttade om sin [&hellip;]<\/p>\n","protected":false},"author":7,"featured_media":0,"parent":27,"menu_order":0,"comment_status":"closed","ping_status":"closed","template":"","meta":{"_acf_changed":false,"_exactmetrics_skip_tracking":false,"_exactmetrics_sitenote_active":false,"_exactmetrics_sitenote_note":"","_exactmetrics_sitenote_category":0,"site-sidebar-layout":"no-sidebar","site-content-layout":"page-builder","ast-site-content-layout":"default","site-content-style":"default","site-sidebar-style":"default","ast-global-header-display":"","ast-banner-title-visibility":"","ast-main-header-display":"","ast-hfb-above-header-display":"","ast-hfb-below-header-display":"","ast-hfb-mobile-header-display":"","site-post-title":"disabled","ast-breadcrumbs-content":"","ast-featured-img":"disabled","footer-sml-layout":"","ast-disable-related-posts":"","theme-transparent-header-meta":"default","adv-header-id-meta":"","stick-header-meta":"default","header-above-stick-meta":"","header-main-stick-meta":"","header-below-stick-meta":"","astra-migrate-meta-layouts":"default","ast-page-background-enabled":"default","ast-page-background-meta":{"desktop":{"background-color":"","background-image":"","background-repeat":"repeat","background-position":"center center","background-size":"auto","background-attachment":"scroll","background-type":"","background-media":"","overlay-type":"","overlay-color":"","overlay-opacity":"","overlay-gradient":""},"tablet":{"background-color":"","background-image":"","background-repeat":"repeat","background-position":"center center","background-size":"auto","background-attachment":"scroll","background-type":"","background-media":"","overlay-type":"","overlay-color":"","overlay-opacity":"","overlay-gradient":""},"mobile":{"background-color":"","background-image":"","background-repeat":"repeat","background-position":"center center","background-size":"auto","background-attachment":"scroll","background-type":"","background-media":"","overlay-type":"","overlay-color":"","overlay-opacity":"","overlay-gradient":""}},"ast-content-background-meta":{"desktop":{"background-color":"var(--ast-global-color-5)","background-image":"","background-repeat":"repeat","background-position":"center center","background-size":"auto","background-attachment":"scroll","background-type":"","background-media":"","overlay-type":"","overlay-color":"","overlay-opacity":"","overlay-gradient":""},"tablet":{"background-color":"var(--ast-global-color-5)","background-image":"","background-repeat":"repeat","background-position":"center center","background-size":"auto","background-attachment":"scroll","background-type":"","background-media":"","overlay-type":"","overlay-color":"","overlay-opacity":"","overlay-gradient":""},"mobile":{"background-color":"var(--ast-global-color-5)","background-image":"","background-repeat":"repeat","background-position":"center center","background-size":"auto","background-attachment":"scroll","background-type":"","background-media":"","overlay-type":"","overlay-color":"","overlay-opacity":"","overlay-gradient":""}},"footnotes":""},"class_list":["post-646","page","type-page","status-publish","hentry"],"acf":[],"yoast_head":"<!-- This site is optimized with the Yoast SEO plugin v27.4 - https:\/\/yoast.com\/product\/yoast-seo-wordpress\/ -->\n<title>Inspo - IRETURN<\/title>\n<meta name=\"robots\" content=\"index, follow, max-snippet:-1, max-image-preview:large, max-video-preview:-1\" \/>\n<link rel=\"canonical\" href=\"https:\/\/ireturn.se\/en\/are-u-insane\/inspo\/\" \/>\n<meta property=\"og:locale\" content=\"en_GB\" \/>\n<meta property=\"og:type\" content=\"article\" \/>\n<meta property=\"og:title\" content=\"Inspo - IRETURN\" \/>\n<meta property=\"og:description\" content=\"Make your dreams bigger Inspo H\u00e4r under hittar du l\u00e4nkar till insiktsfulla artiklar och forskning som kan hj\u00e4lpa dig fram\u00e5t.\u00a0 When Burnout Is a Sign You Should Leave Your JobEn artikel om hur ditt jobb kan p\u00e5verka din psykiska h\u00e4lsa Byr\u00e5chefen tog sig tillbaka fr\u00e5n utbr\u00e4ndhet \u2013 nu hj\u00e4lper han andraTomas Strand ber\u00e4ttade om sin [&hellip;]\" \/>\n<meta property=\"og:url\" content=\"https:\/\/ireturn.se\/en\/are-u-insane\/inspo\/\" \/>\n<meta property=\"og:site_name\" content=\"IRETURN\" \/>\n<meta property=\"article:modified_time\" content=\"2020-06-10T15:58:06+00:00\" \/>\n<meta property=\"og:image\" content=\"http:\/\/ireturn.se\/wp-content\/uploads\/2020\/05\/hello-i-m-nik-z1d-LP8sjuI-unsplash-839x1024.jpg\" \/>\n<meta name=\"twitter:card\" content=\"summary_large_image\" \/>\n<meta name=\"twitter:label1\" content=\"Estimated reading time\" \/>\n\t<meta name=\"twitter:data1\" content=\"1 minute\" \/>\n<script type=\"application\/ld+json\" class=\"yoast-schema-graph\">{\"@context\":\"https:\\\/\\\/schema.org\",\"@graph\":[{\"@type\":\"WebPage\",\"@id\":\"https:\\\/\\\/ireturn.se\\\/are-u-insane\\\/inspo\\\/\",\"url\":\"https:\\\/\\\/ireturn.se\\\/are-u-insane\\\/inspo\\\/\",\"name\":\"Inspo - IRETURN\",\"isPartOf\":{\"@id\":\"https:\\\/\\\/ireturn.se\\\/#website\"},\"primaryImageOfPage\":{\"@id\":\"https:\\\/\\\/ireturn.se\\\/are-u-insane\\\/inspo\\\/#primaryimage\"},\"image\":{\"@id\":\"https:\\\/\\\/ireturn.se\\\/are-u-insane\\\/inspo\\\/#primaryimage\"},\"thumbnailUrl\":\"http:\\\/\\\/ireturn.se\\\/wp-content\\\/uploads\\\/2020\\\/05\\\/hello-i-m-nik-z1d-LP8sjuI-unsplash-839x1024.jpg\",\"datePublished\":\"2020-05-19T09:42:06+00:00\",\"dateModified\":\"2020-06-10T15:58:06+00:00\",\"breadcrumb\":{\"@id\":\"https:\\\/\\\/ireturn.se\\\/are-u-insane\\\/inspo\\\/#breadcrumb\"},\"inLanguage\":\"en-GB\",\"potentialAction\":[{\"@type\":\"ReadAction\",\"target\":[\"https:\\\/\\\/ireturn.se\\\/are-u-insane\\\/inspo\\\/\"]}]},{\"@type\":\"ImageObject\",\"inLanguage\":\"en-GB\",\"@id\":\"https:\\\/\\\/ireturn.se\\\/are-u-insane\\\/inspo\\\/#primaryimage\",\"url\":\"http:\\\/\\\/ireturn.se\\\/wp-content\\\/uploads\\\/2020\\\/05\\\/hello-i-m-nik-z1d-LP8sjuI-unsplash-839x1024.jpg\",\"contentUrl\":\"http:\\\/\\\/ireturn.se\\\/wp-content\\\/uploads\\\/2020\\\/05\\\/hello-i-m-nik-z1d-LP8sjuI-unsplash-839x1024.jpg\"},{\"@type\":\"BreadcrumbList\",\"@id\":\"https:\\\/\\\/ireturn.se\\\/are-u-insane\\\/inspo\\\/#breadcrumb\",\"itemListElement\":[{\"@type\":\"ListItem\",\"position\":1,\"name\":\"Hem\",\"item\":\"https:\\\/\\\/ireturn.se\\\/\"},{\"@type\":\"ListItem\",\"position\":2,\"name\":\"Are u insane?\",\"item\":\"https:\\\/\\\/ireturn.se\\\/are-u-insane\\\/\"},{\"@type\":\"ListItem\",\"position\":3,\"name\":\"Inspo\"}]},{\"@type\":\"WebSite\",\"@id\":\"https:\\\/\\\/ireturn.se\\\/#website\",\"url\":\"https:\\\/\\\/ireturn.se\\\/\",\"name\":\"IRETURN\",\"description\":\"With passion for mental wellness\",\"potentialAction\":[{\"@type\":\"SearchAction\",\"target\":{\"@type\":\"EntryPoint\",\"urlTemplate\":\"https:\\\/\\\/ireturn.se\\\/?s={search_term_string}\"},\"query-input\":{\"@type\":\"PropertyValueSpecification\",\"valueRequired\":true,\"valueName\":\"search_term_string\"}}],\"inLanguage\":\"en-GB\"}]}<\/script>\n<!-- \/ Yoast SEO plugin. -->","yoast_head_json":{"title":"Inspo - IRETURN","robots":{"index":"index","follow":"follow","max-snippet":"max-snippet:-1","max-image-preview":"max-image-preview:large","max-video-preview":"max-video-preview:-1"},"canonical":"https:\/\/ireturn.se\/en\/are-u-insane\/inspo\/","og_locale":"en_GB","og_type":"article","og_title":"Inspo - IRETURN","og_description":"Make your dreams bigger Inspo H\u00e4r under hittar du l\u00e4nkar till insiktsfulla artiklar och forskning som kan hj\u00e4lpa dig fram\u00e5t.\u00a0 When Burnout Is a Sign You Should Leave Your JobEn artikel om hur ditt jobb kan p\u00e5verka din psykiska h\u00e4lsa Byr\u00e5chefen tog sig tillbaka fr\u00e5n utbr\u00e4ndhet \u2013 nu hj\u00e4lper han andraTomas Strand ber\u00e4ttade om sin [&hellip;]","og_url":"https:\/\/ireturn.se\/en\/are-u-insane\/inspo\/","og_site_name":"IRETURN","article_modified_time":"2020-06-10T15:58:06+00:00","og_image":[{"url":"http:\/\/ireturn.se\/wp-content\/uploads\/2020\/05\/hello-i-m-nik-z1d-LP8sjuI-unsplash-839x1024.jpg","type":"","width":"","height":""}],"twitter_card":"summary_large_image","twitter_misc":{"Estimated reading time":"1 minute"},"schema":{"@context":"https:\/\/schema.org","@graph":[{"@type":"WebPage","@id":"https:\/\/ireturn.se\/are-u-insane\/inspo\/","url":"https:\/\/ireturn.se\/are-u-insane\/inspo\/","name":"Inspo - IRETURN","isPartOf":{"@id":"https:\/\/ireturn.se\/#website"},"primaryImageOfPage":{"@id":"https:\/\/ireturn.se\/are-u-insane\/inspo\/#primaryimage"},"image":{"@id":"https:\/\/ireturn.se\/are-u-insane\/inspo\/#primaryimage"},"thumbnailUrl":"http:\/\/ireturn.se\/wp-content\/uploads\/2020\/05\/hello-i-m-nik-z1d-LP8sjuI-unsplash-839x1024.jpg","datePublished":"2020-05-19T09:42:06+00:00","dateModified":"2020-06-10T15:58:06+00:00","breadcrumb":{"@id":"https:\/\/ireturn.se\/are-u-insane\/inspo\/#breadcrumb"},"inLanguage":"en-GB","potentialAction":[{"@type":"ReadAction","target":["https:\/\/ireturn.se\/are-u-insane\/inspo\/"]}]},{"@type":"ImageObject","inLanguage":"en-GB","@id":"https:\/\/ireturn.se\/are-u-insane\/inspo\/#primaryimage","url":"http:\/\/ireturn.se\/wp-content\/uploads\/2020\/05\/hello-i-m-nik-z1d-LP8sjuI-unsplash-839x1024.jpg","contentUrl":"http:\/\/ireturn.se\/wp-content\/uploads\/2020\/05\/hello-i-m-nik-z1d-LP8sjuI-unsplash-839x1024.jpg"},{"@type":"BreadcrumbList","@id":"https:\/\/ireturn.se\/are-u-insane\/inspo\/#breadcrumb","itemListElement":[{"@type":"ListItem","position":1,"name":"Hem","item":"https:\/\/ireturn.se\/"},{"@type":"ListItem","position":2,"name":"Are u insane?","item":"https:\/\/ireturn.se\/are-u-insane\/"},{"@type":"ListItem","position":3,"name":"Inspo"}]},{"@type":"WebSite","@id":"https:\/\/ireturn.se\/#website","url":"https:\/\/ireturn.se\/","name":"IRETURN","description":"With passion for mental wellness","potentialAction":[{"@type":"SearchAction","target":{"@type":"EntryPoint","urlTemplate":"https:\/\/ireturn.se\/?s={search_term_string}"},"query-input":{"@type":"PropertyValueSpecification","valueRequired":true,"valueName":"search_term_string"}}],"inLanguage":"en-GB"}]}},"_links":{"self":[{"href":"https:\/\/ireturn.se\/en\/wp-json\/wp\/v2\/pages\/646","targetHints":{"allow":["GET"]}}],"collection":[{"href":"https:\/\/ireturn.se\/en\/wp-json\/wp\/v2\/pages"}],"about":[{"href":"https:\/\/ireturn.se\/en\/wp-json\/wp\/v2\/types\/page"}],"author":[{"embeddable":true,"href":"https:\/\/ireturn.se\/en\/wp-json\/wp\/v2\/users\/7"}],"replies":[{"embeddable":true,"href":"https:\/\/ireturn.se\/en\/wp-json\/wp\/v2\/comments?post=646"}],"version-history":[{"count":0,"href":"https:\/\/ireturn.se\/en\/wp-json\/wp\/v2\/pages\/646\/revisions"}],"up":[{"embeddable":true,"href":"https:\/\/ireturn.se\/en\/wp-json\/wp\/v2\/pages\/27"}],"wp:attachment":[{"href":"https:\/\/ireturn.se\/en\/wp-json\/wp\/v2\/media?parent=646"}],"curies":[{"name":"wp","href":"https:\/\/api.w.org\/{rel}","templated":true}]}}