{"id":649,"date":"2020-05-19T09:42:24","date_gmt":"2020-05-19T09:42:24","guid":{"rendered":"http:\/\/ireturn.se\/?page_id=649"},"modified":"2020-06-10T15:58:59","modified_gmt":"2020-06-10T15:58:59","slug":"samhallet","status":"publish","type":"page","link":"https:\/\/ireturn.se\/en\/are-u-insane\/samhallet\/","title":{"rendered":"Society"},"content":{"rendered":"<div data-elementor-type=\"wp-page\" data-elementor-id=\"649\" class=\"elementor elementor-649\" data-elementor-post-type=\"page\">\n\t\t\t\t\t\t<section class=\"elementor-section elementor-top-section elementor-element elementor-element-36b1ca32 elementor-section-height-min-height elementor-section-boxed elementor-section-height-default elementor-section-items-middle\" data-id=\"36b1ca32\" data-element_type=\"section\">\n\t\t\t\t\t\t<div class=\"elementor-container elementor-column-gap-default\">\n\t\t\t\t\t<div class=\"elementor-column elementor-col-100 elementor-top-column elementor-element elementor-element-18bfbcf9\" data-id=\"18bfbcf9\" data-element_type=\"column\">\n\t\t\t<div class=\"elementor-widget-wrap elementor-element-populated\">\n\t\t\t\t\t\t<div class=\"elementor-element elementor-element-2043341 elementor-widget elementor-widget-heading\" data-id=\"2043341\" data-element_type=\"widget\" data-widget_type=\"heading.default\">\n\t\t\t\t<div class=\"elementor-widget-container\">\n\t\t\t\t\t<h2 class=\"elementor-heading-title elementor-size-default\">there is help out there<\/h2>\t\t\t\t<\/div>\n\t\t\t\t<\/div>\n\t\t\t\t<div class=\"elementor-element elementor-element-376624dc elementor-invisible elementor-widget elementor-widget-heading\" data-id=\"376624dc\" data-element_type=\"widget\" data-settings=\"{&quot;_animation&quot;:&quot;fadeInDown&quot;}\" data-widget_type=\"heading.default\">\n\t\t\t\t<div class=\"elementor-widget-container\">\n\t\t\t\t\t<h2 class=\"elementor-heading-title elementor-size-default\">Society<\/h2>\t\t\t\t<\/div>\n\t\t\t\t<\/div>\n\t\t\t\t<div class=\"elementor-element elementor-element-3261ac32 elementor-widget elementor-widget-text-editor\" data-id=\"3261ac32\" data-element_type=\"widget\" data-widget_type=\"text-editor.default\">\n\t\t\t\t<div class=\"elementor-widget-container\">\n\t\t\t\t\t\t\t\t\t<p>What support can you expect from the society? And how do you go about it the easiest?\u00a0<\/p>\t\t\t\t\t\t\t\t<\/div>\n\t\t\t\t<\/div>\n\t\t\t\t\t<\/div>\n\t\t<\/div>\n\t\t\t\t\t<\/div>\n\t\t<\/section>\n\t\t\t\t<section class=\"elementor-section elementor-top-section elementor-element elementor-element-50cf3ce1 elementor-section-boxed elementor-section-height-default elementor-section-height-default\" data-id=\"50cf3ce1\" data-element_type=\"section\">\n\t\t\t\t\t\t<div class=\"elementor-container elementor-column-gap-default\">\n\t\t\t\t\t<div class=\"elementor-column elementor-col-50 elementor-top-column elementor-element elementor-element-412f5398\" data-id=\"412f5398\" data-element_type=\"column\">\n\t\t\t<div class=\"elementor-widget-wrap elementor-element-populated\">\n\t\t\t\t\t\t<section class=\"elementor-section elementor-inner-section elementor-element elementor-element-41e7ce86 elementor-section-boxed elementor-section-height-default elementor-section-height-default\" data-id=\"41e7ce86\" data-element_type=\"section\">\n\t\t\t\t\t\t<div class=\"elementor-container elementor-column-gap-default\">\n\t\t\t\t\t<div class=\"elementor-column elementor-col-50 elementor-inner-column elementor-element elementor-element-3479845\" data-id=\"3479845\" data-element_type=\"column\" data-settings=\"{&quot;background_background&quot;:&quot;classic&quot;}\">\n\t\t\t<div class=\"elementor-widget-wrap elementor-element-populated\">\n\t\t\t\t\t\t<div class=\"elementor-element elementor-element-abdcb75 elementor-widget elementor-widget-spacer\" data-id=\"abdcb75\" data-element_type=\"widget\" data-widget_type=\"spacer.default\">\n\t\t\t\t<div class=\"elementor-widget-container\">\n\t\t\t\t\t\t\t<div class=\"elementor-spacer\">\n\t\t\t<div class=\"elementor-spacer-inner\"><\/div>\n\t\t<\/div>\n\t\t\t\t\t\t<\/div>\n\t\t\t\t<\/div>\n\t\t\t\t\t<\/div>\n\t\t<\/div>\n\t\t\t\t<div class=\"elementor-column elementor-col-50 elementor-inner-column elementor-element elementor-element-3ceef3b2\" data-id=\"3ceef3b2\" data-element_type=\"column\">\n\t\t\t<div class=\"elementor-widget-wrap elementor-element-populated\">\n\t\t\t\t\t\t<div class=\"elementor-element elementor-element-59a3c0e3 elementor-widget elementor-widget-image\" data-id=\"59a3c0e3\" data-element_type=\"widget\" data-widget_type=\"image.default\">\n\t\t\t\t<div class=\"elementor-widget-container\">\n\t\t\t\t\t\t\t\t\t\t\t\t\t\t\t<img fetchpriority=\"high\" decoding=\"async\" width=\"683\" height=\"1024\" src=\"https:\/\/ireturn.se\/wp-content\/uploads\/2020\/05\/nikola-johnny-mirkovic-iCz02KEeJTs-unsplash-683x1024.jpg\" class=\"attachment-large size-large wp-image-554\" alt=\"\" srcset=\"https:\/\/ireturn.se\/wp-content\/uploads\/2020\/05\/nikola-johnny-mirkovic-iCz02KEeJTs-unsplash-683x1024.jpg 683w, https:\/\/ireturn.se\/wp-content\/uploads\/2020\/05\/nikola-johnny-mirkovic-iCz02KEeJTs-unsplash-200x300.jpg 200w, https:\/\/ireturn.se\/wp-content\/uploads\/2020\/05\/nikola-johnny-mirkovic-iCz02KEeJTs-unsplash-768x1152.jpg 768w, https:\/\/ireturn.se\/wp-content\/uploads\/2020\/05\/nikola-johnny-mirkovic-iCz02KEeJTs-unsplash-1024x1536.jpg 1024w, https:\/\/ireturn.se\/wp-content\/uploads\/2020\/05\/nikola-johnny-mirkovic-iCz02KEeJTs-unsplash-1365x2048.jpg 1365w, https:\/\/ireturn.se\/wp-content\/uploads\/2020\/05\/nikola-johnny-mirkovic-iCz02KEeJTs-unsplash-scaled.jpg 1707w\" sizes=\"(max-width: 683px) 100vw, 683px\" \/>\t\t\t\t\t\t\t\t\t\t\t\t\t\t\t<\/div>\n\t\t\t\t<\/div>\n\t\t\t\t\t<\/div>\n\t\t<\/div>\n\t\t\t\t\t<\/div>\n\t\t<\/section>\n\t\t\t\t\t<\/div>\n\t\t<\/div>\n\t\t\t\t<div class=\"elementor-column elementor-col-50 elementor-top-column elementor-element elementor-element-125f144\" data-id=\"125f144\" data-element_type=\"column\">\n\t\t\t<div class=\"elementor-widget-wrap elementor-element-populated\">\n\t\t\t\t\t\t<div class=\"elementor-element elementor-element-67414594 elementor-icon-list--layout-traditional elementor-list-item-link-full_width elementor-widget elementor-widget-icon-list\" data-id=\"67414594\" data-element_type=\"widget\" data-widget_type=\"icon-list.default\">\n\t\t\t\t<div class=\"elementor-widget-container\">\n\t\t\t\t\t\t\t<ul class=\"elementor-icon-list-items\">\n\t\t\t\t\t\t\t<li class=\"elementor-icon-list-item\">\n\t\t\t\t\t\t\t\t\t\t\t<a href=\"https:\/\/www.1177.se\/Stockholm\/sjukdomar--besvar\/psykiska-sjukdomar-och-besvar\/depression\/utmattningssyndrom\/\">\n\n\t\t\t\t\t\t\t\t\t\t\t\t<span class=\"elementor-icon-list-icon\">\n\t\t\t\t\t\t\t<i aria-hidden=\"true\" class=\"bestfreebie  ion-ios-return-right\"><\/i>\t\t\t\t\t\t<\/span>\n\t\t\t\t\t\t\t\t\t\t<span class=\"elementor-icon-list-text\"><b>V\u00e5rdguiden 1177 about burnout <\/b><br>With support and treatment you recover, even though you may be stress-sensitive for a long time, for example. For some, the recovery takes a long time.<\/span>\n\t\t\t\t\t\t\t\t\t\t\t<\/a>\n\t\t\t\t\t\t\t\t\t<\/li>\n\t\t\t\t\t\t\t\t<li class=\"elementor-icon-list-item\">\n\t\t\t\t\t\t\t\t\t\t\t<a href=\"https:\/\/www.hjarnfonden.se\/2017\/12\/vad-finns-det-for-hjalp-att-fa\/\">\n\n\t\t\t\t\t\t\t\t\t\t\t\t<span class=\"elementor-icon-list-icon\">\n\t\t\t\t\t\t\t<i aria-hidden=\"true\" class=\"bestfreebie  ion-ios-return-right\"><\/i>\t\t\t\t\t\t<\/span>\n\t\t\t\t\t\t\t\t\t\t<span class=\"elementor-icon-list-text\"><b>Hj\u00e4rnfonden about what help is available <\/b><br>The road back after bornout is long and the risk of relapse is great. But with the right support, reduced load and a well thought out treatment plan, you can be restored.<\/span>\n\t\t\t\t\t\t\t\t\t\t\t<\/a>\n\t\t\t\t\t\t\t\t\t<\/li>\n\t\t\t\t\t\t<\/ul>\n\t\t\t\t\t\t<\/div>\n\t\t\t\t<\/div>\n\t\t\t\t\t<\/div>\n\t\t<\/div>\n\t\t\t\t\t<\/div>\n\t\t<\/section>\n\t\t\t\t<\/div>","protected":false},"excerpt":{"rendered":"<p>there is help out there Samh\u00e4llet Vilket st\u00f6d kan du f\u00f6rv\u00e4nta dig av samh\u00e4llet? Och hur g\u00e5r du enklast tillv\u00e4ga?\u00a0 V\u00e5rdguiden 1177 om utmattningssyndrom Med st\u00f6d och behandling \u00e5terh\u00e4mtar du dig, \u00e4ven om du kan vara till exempel stressk\u00e4nslig en l\u00e4ngre tid. F\u00f6r vissa tar \u00e5terh\u00e4mtningen l\u00e5ng tid. Hj\u00e4rnfonden om vilken hj\u00e4lp som finns att [&hellip;]<\/p>\n","protected":false},"author":7,"featured_media":0,"parent":27,"menu_order":0,"comment_status":"closed","ping_status":"closed","template":"","meta":{"_acf_changed":false,"_exactmetrics_skip_tracking":false,"_exactmetrics_sitenote_active":false,"_exactmetrics_sitenote_note":"","_exactmetrics_sitenote_category":0,"site-sidebar-layout":"no-sidebar","site-content-layout":"page-builder","ast-site-content-layout":"default","site-content-style":"default","site-sidebar-style":"default","ast-global-header-display":"","ast-banner-title-visibility":"","ast-main-header-display":"","ast-hfb-above-header-display":"","ast-hfb-below-header-display":"","ast-hfb-mobile-header-display":"","site-post-title":"disabled","ast-breadcrumbs-content":"","ast-featured-img":"disabled","footer-sml-layout":"","ast-disable-related-posts":"","theme-transparent-header-meta":"default","adv-header-id-meta":"","stick-header-meta":"default","header-above-stick-meta":"","header-main-stick-meta":"","header-below-stick-meta":"","astra-migrate-meta-layouts":"default","ast-page-background-enabled":"default","ast-page-background-meta":{"desktop":{"background-color":"","background-image":"","background-repeat":"repeat","background-position":"center center","background-size":"auto","background-attachment":"scroll","background-type":"","background-media":"","overlay-type":"","overlay-color":"","overlay-opacity":"","overlay-gradient":""},"tablet":{"background-color":"","background-image":"","background-repeat":"repeat","background-position":"center center","background-size":"auto","background-attachment":"scroll","background-type":"","background-media":"","overlay-type":"","overlay-color":"","overlay-opacity":"","overlay-gradient":""},"mobile":{"background-color":"","background-image":"","background-repeat":"repeat","background-position":"center center","background-size":"auto","background-attachment":"scroll","background-type":"","background-media":"","overlay-type":"","overlay-color":"","overlay-opacity":"","overlay-gradient":""}},"ast-content-background-meta":{"desktop":{"background-color":"var(--ast-global-color-5)","background-image":"","background-repeat":"repeat","background-position":"center center","background-size":"auto","background-attachment":"scroll","background-type":"","background-media":"","overlay-type":"","overlay-color":"","overlay-opacity":"","overlay-gradient":""},"tablet":{"background-color":"var(--ast-global-color-5)","background-image":"","background-repeat":"repeat","background-position":"center center","background-size":"auto","background-attachment":"scroll","background-type":"","background-media":"","overlay-type":"","overlay-color":"","overlay-opacity":"","overlay-gradient":""},"mobile":{"background-color":"var(--ast-global-color-5)","background-image":"","background-repeat":"repeat","background-position":"center center","background-size":"auto","background-attachment":"scroll","background-type":"","background-media":"","overlay-type":"","overlay-color":"","overlay-opacity":"","overlay-gradient":""}},"footnotes":""},"class_list":["post-649","page","type-page","status-publish","hentry"],"acf":[],"yoast_head":"<!-- This site is optimized with the Yoast SEO plugin v27.4 - https:\/\/yoast.com\/product\/yoast-seo-wordpress\/ -->\n<title>Samh\u00e4llet - IRETURN<\/title>\n<meta name=\"robots\" content=\"index, follow, max-snippet:-1, max-image-preview:large, max-video-preview:-1\" \/>\n<link rel=\"canonical\" href=\"https:\/\/ireturn.se\/en\/are-u-insane\/samhallet\/\" \/>\n<meta property=\"og:locale\" content=\"en_GB\" \/>\n<meta property=\"og:type\" content=\"article\" \/>\n<meta property=\"og:title\" content=\"Samh\u00e4llet - IRETURN\" \/>\n<meta property=\"og:description\" content=\"there is help out there Samh\u00e4llet Vilket st\u00f6d kan du f\u00f6rv\u00e4nta dig av samh\u00e4llet? Och hur g\u00e5r du enklast tillv\u00e4ga?\u00a0 V\u00e5rdguiden 1177 om utmattningssyndrom Med st\u00f6d och behandling \u00e5terh\u00e4mtar du dig, \u00e4ven om du kan vara till exempel stressk\u00e4nslig en l\u00e4ngre tid. F\u00f6r vissa tar \u00e5terh\u00e4mtningen l\u00e5ng tid. Hj\u00e4rnfonden om vilken hj\u00e4lp som finns att [&hellip;]\" \/>\n<meta property=\"og:url\" content=\"https:\/\/ireturn.se\/en\/are-u-insane\/samhallet\/\" \/>\n<meta property=\"og:site_name\" content=\"IRETURN\" \/>\n<meta property=\"article:modified_time\" content=\"2020-06-10T15:58:59+00:00\" \/>\n<meta property=\"og:image\" content=\"http:\/\/ireturn.se\/wp-content\/uploads\/2020\/05\/nikola-johnny-mirkovic-iCz02KEeJTs-unsplash-683x1024.jpg\" \/>\n<meta name=\"twitter:card\" content=\"summary_large_image\" \/>\n<meta name=\"twitter:label1\" content=\"Estimated reading time\" \/>\n\t<meta name=\"twitter:data1\" content=\"1 minute\" \/>\n<script type=\"application\/ld+json\" class=\"yoast-schema-graph\">{\"@context\":\"https:\\\/\\\/schema.org\",\"@graph\":[{\"@type\":\"WebPage\",\"@id\":\"https:\\\/\\\/ireturn.se\\\/are-u-insane\\\/samhallet\\\/\",\"url\":\"https:\\\/\\\/ireturn.se\\\/are-u-insane\\\/samhallet\\\/\",\"name\":\"Samh\u00e4llet - IRETURN\",\"isPartOf\":{\"@id\":\"https:\\\/\\\/ireturn.se\\\/#website\"},\"primaryImageOfPage\":{\"@id\":\"https:\\\/\\\/ireturn.se\\\/are-u-insane\\\/samhallet\\\/#primaryimage\"},\"image\":{\"@id\":\"https:\\\/\\\/ireturn.se\\\/are-u-insane\\\/samhallet\\\/#primaryimage\"},\"thumbnailUrl\":\"http:\\\/\\\/ireturn.se\\\/wp-content\\\/uploads\\\/2020\\\/05\\\/nikola-johnny-mirkovic-iCz02KEeJTs-unsplash-683x1024.jpg\",\"datePublished\":\"2020-05-19T09:42:24+00:00\",\"dateModified\":\"2020-06-10T15:58:59+00:00\",\"breadcrumb\":{\"@id\":\"https:\\\/\\\/ireturn.se\\\/are-u-insane\\\/samhallet\\\/#breadcrumb\"},\"inLanguage\":\"en-GB\",\"potentialAction\":[{\"@type\":\"ReadAction\",\"target\":[\"https:\\\/\\\/ireturn.se\\\/are-u-insane\\\/samhallet\\\/\"]}]},{\"@type\":\"ImageObject\",\"inLanguage\":\"en-GB\",\"@id\":\"https:\\\/\\\/ireturn.se\\\/are-u-insane\\\/samhallet\\\/#primaryimage\",\"url\":\"http:\\\/\\\/ireturn.se\\\/wp-content\\\/uploads\\\/2020\\\/05\\\/nikola-johnny-mirkovic-iCz02KEeJTs-unsplash-683x1024.jpg\",\"contentUrl\":\"http:\\\/\\\/ireturn.se\\\/wp-content\\\/uploads\\\/2020\\\/05\\\/nikola-johnny-mirkovic-iCz02KEeJTs-unsplash-683x1024.jpg\"},{\"@type\":\"BreadcrumbList\",\"@id\":\"https:\\\/\\\/ireturn.se\\\/are-u-insane\\\/samhallet\\\/#breadcrumb\",\"itemListElement\":[{\"@type\":\"ListItem\",\"position\":1,\"name\":\"Hem\",\"item\":\"https:\\\/\\\/ireturn.se\\\/\"},{\"@type\":\"ListItem\",\"position\":2,\"name\":\"Are u insane?\",\"item\":\"https:\\\/\\\/ireturn.se\\\/are-u-insane\\\/\"},{\"@type\":\"ListItem\",\"position\":3,\"name\":\"Samh\u00e4llet\"}]},{\"@type\":\"WebSite\",\"@id\":\"https:\\\/\\\/ireturn.se\\\/#website\",\"url\":\"https:\\\/\\\/ireturn.se\\\/\",\"name\":\"IRETURN\",\"description\":\"With passion for mental wellness\",\"potentialAction\":[{\"@type\":\"SearchAction\",\"target\":{\"@type\":\"EntryPoint\",\"urlTemplate\":\"https:\\\/\\\/ireturn.se\\\/?s={search_term_string}\"},\"query-input\":{\"@type\":\"PropertyValueSpecification\",\"valueRequired\":true,\"valueName\":\"search_term_string\"}}],\"inLanguage\":\"en-GB\"}]}<\/script>\n<!-- \/ Yoast SEO plugin. -->","yoast_head_json":{"title":"Samh\u00e4llet - IRETURN","robots":{"index":"index","follow":"follow","max-snippet":"max-snippet:-1","max-image-preview":"max-image-preview:large","max-video-preview":"max-video-preview:-1"},"canonical":"https:\/\/ireturn.se\/en\/are-u-insane\/samhallet\/","og_locale":"en_GB","og_type":"article","og_title":"Samh\u00e4llet - IRETURN","og_description":"there is help out there Samh\u00e4llet Vilket st\u00f6d kan du f\u00f6rv\u00e4nta dig av samh\u00e4llet? Och hur g\u00e5r du enklast tillv\u00e4ga?\u00a0 V\u00e5rdguiden 1177 om utmattningssyndrom Med st\u00f6d och behandling \u00e5terh\u00e4mtar du dig, \u00e4ven om du kan vara till exempel stressk\u00e4nslig en l\u00e4ngre tid. F\u00f6r vissa tar \u00e5terh\u00e4mtningen l\u00e5ng tid. Hj\u00e4rnfonden om vilken hj\u00e4lp som finns att [&hellip;]","og_url":"https:\/\/ireturn.se\/en\/are-u-insane\/samhallet\/","og_site_name":"IRETURN","article_modified_time":"2020-06-10T15:58:59+00:00","og_image":[{"url":"http:\/\/ireturn.se\/wp-content\/uploads\/2020\/05\/nikola-johnny-mirkovic-iCz02KEeJTs-unsplash-683x1024.jpg","type":"","width":"","height":""}],"twitter_card":"summary_large_image","twitter_misc":{"Estimated reading time":"1 minute"},"schema":{"@context":"https:\/\/schema.org","@graph":[{"@type":"WebPage","@id":"https:\/\/ireturn.se\/are-u-insane\/samhallet\/","url":"https:\/\/ireturn.se\/are-u-insane\/samhallet\/","name":"Samh\u00e4llet - IRETURN","isPartOf":{"@id":"https:\/\/ireturn.se\/#website"},"primaryImageOfPage":{"@id":"https:\/\/ireturn.se\/are-u-insane\/samhallet\/#primaryimage"},"image":{"@id":"https:\/\/ireturn.se\/are-u-insane\/samhallet\/#primaryimage"},"thumbnailUrl":"http:\/\/ireturn.se\/wp-content\/uploads\/2020\/05\/nikola-johnny-mirkovic-iCz02KEeJTs-unsplash-683x1024.jpg","datePublished":"2020-05-19T09:42:24+00:00","dateModified":"2020-06-10T15:58:59+00:00","breadcrumb":{"@id":"https:\/\/ireturn.se\/are-u-insane\/samhallet\/#breadcrumb"},"inLanguage":"en-GB","potentialAction":[{"@type":"ReadAction","target":["https:\/\/ireturn.se\/are-u-insane\/samhallet\/"]}]},{"@type":"ImageObject","inLanguage":"en-GB","@id":"https:\/\/ireturn.se\/are-u-insane\/samhallet\/#primaryimage","url":"http:\/\/ireturn.se\/wp-content\/uploads\/2020\/05\/nikola-johnny-mirkovic-iCz02KEeJTs-unsplash-683x1024.jpg","contentUrl":"http:\/\/ireturn.se\/wp-content\/uploads\/2020\/05\/nikola-johnny-mirkovic-iCz02KEeJTs-unsplash-683x1024.jpg"},{"@type":"BreadcrumbList","@id":"https:\/\/ireturn.se\/are-u-insane\/samhallet\/#breadcrumb","itemListElement":[{"@type":"ListItem","position":1,"name":"Hem","item":"https:\/\/ireturn.se\/"},{"@type":"ListItem","position":2,"name":"Are u insane?","item":"https:\/\/ireturn.se\/are-u-insane\/"},{"@type":"ListItem","position":3,"name":"Samh\u00e4llet"}]},{"@type":"WebSite","@id":"https:\/\/ireturn.se\/#website","url":"https:\/\/ireturn.se\/","name":"IRETURN","description":"With passion for mental wellness","potentialAction":[{"@type":"SearchAction","target":{"@type":"EntryPoint","urlTemplate":"https:\/\/ireturn.se\/?s={search_term_string}"},"query-input":{"@type":"PropertyValueSpecification","valueRequired":true,"valueName":"search_term_string"}}],"inLanguage":"en-GB"}]}},"_links":{"self":[{"href":"https:\/\/ireturn.se\/en\/wp-json\/wp\/v2\/pages\/649","targetHints":{"allow":["GET"]}}],"collection":[{"href":"https:\/\/ireturn.se\/en\/wp-json\/wp\/v2\/pages"}],"about":[{"href":"https:\/\/ireturn.se\/en\/wp-json\/wp\/v2\/types\/page"}],"author":[{"embeddable":true,"href":"https:\/\/ireturn.se\/en\/wp-json\/wp\/v2\/users\/7"}],"replies":[{"embeddable":true,"href":"https:\/\/ireturn.se\/en\/wp-json\/wp\/v2\/comments?post=649"}],"version-history":[{"count":0,"href":"https:\/\/ireturn.se\/en\/wp-json\/wp\/v2\/pages\/649\/revisions"}],"up":[{"embeddable":true,"href":"https:\/\/ireturn.se\/en\/wp-json\/wp\/v2\/pages\/27"}],"wp:attachment":[{"href":"https:\/\/ireturn.se\/en\/wp-json\/wp\/v2\/media?parent=649"}],"curies":[{"name":"wp","href":"https:\/\/api.w.org\/{rel}","templated":true}]}}